{"id":1165,"date":"2023-10-10T17:15:28","date_gmt":"2023-10-10T15:15:28","guid":{"rendered":"https:\/\/www.pharca.com\/loesungen\/"},"modified":"2025-05-22T07:46:18","modified_gmt":"2025-05-22T05:46:18","slug":"leistungen","status":"publish","type":"page","link":"https:\/\/www.pharca.com\/de\/leistungen\/","title":{"rendered":"Leistungen"},"content":{"rendered":"<p>[et_pb_section fb_built=&#8221;1&#8243; module_class=&#8221;hero-overlapping-background&#8221; _builder_version=&#8221;4.23.1&#8243; _module_preset=&#8221;default&#8221; custom_margin=&#8221;100px||||false|false&#8221; global_colors_info=&#8221;{}&#8221;][et_pb_row column_structure=&#8221;3_4,1_4&#8243; make_equal=&#8221;on&#8221; _builder_version=&#8221;4.23.1&#8243; _module_preset=&#8221;default&#8221; min_height=&#8221;500px&#8221; min_height_tablet=&#8221;300px&#8221; min_height_phone=&#8221;300px&#8221; min_height_last_edited=&#8221;on|tablet&#8221; custom_css_free_form=&#8221;.et_pb_row::after{||  background-image:url(%22\/\/pharca-19a5a.kxcdn.com\/wp-content\/uploads\/2023\/12\/kopfmedia_pharca_stock-2.webp%22);||}&#8221; global_colors_info=&#8221;{}&#8221;][et_pb_column type=&#8221;3_4&#8243; _builder_version=&#8221;4.22.2&#8243; _module_preset=&#8221;default&#8221; global_colors_info=&#8221;{}&#8221;][et_pb_text _builder_version=&#8221;4.25.2&#8243; _module_preset=&#8221;default&#8221; header_text_color=&#8221;gcid-78e316dc-3ec4-449b-ab5e-4342817d2b26&#8243; hover_enabled=&#8221;0&#8243; global_colors_info=&#8221;{%22gcid-78e316dc-3ec4-449b-ab5e-4342817d2b26%22:%91%22header_text_color%22%93}&#8221; sticky_enabled=&#8221;0&#8243;]<\/p>\n<h1>Fortschrittliche Verpackungsl\u00f6sungen <br \/> im Lifescience- <br \/> &amp; Gesundheitswesen<\/h1>\n<p>[\/et_pb_text][\/et_pb_column][et_pb_column type=&#8221;1_4&#8243; _builder_version=&#8221;4.22.2&#8243; _module_preset=&#8221;default&#8221; global_colors_info=&#8221;{}&#8221;][\/et_pb_column][\/et_pb_row][\/et_pb_section][et_pb_section fb_built=&#8221;1&#8243; custom_padding_last_edited=&#8221;on|phone&#8221; _builder_version=&#8221;4.24.2&#8243; _module_preset=&#8221;default&#8221; custom_padding_tablet=&#8221;&#8221; custom_padding_phone=&#8221;0px||0px||false|false&#8221; locked=&#8221;off&#8221; global_colors_info=&#8221;{}&#8221;][et_pb_row _builder_version=&#8221;4.22.2&#8243; _module_preset=&#8221;default&#8221; global_colors_info=&#8221;{}&#8221;][et_pb_column type=&#8221;4_4&#8243; _builder_version=&#8221;4.22.2&#8243; _module_preset=&#8221;default&#8221; global_colors_info=&#8221;{}&#8221;][et_pb_code _builder_version=&#8221;4.23.1&#8243; _module_preset=&#8221;default&#8221; global_colors_info=&#8221;{}&#8221;]<\/p>\n<div class=\"link-masonry-grid\"><!-- [et_pb_line_break_holder] -->    <a href=\"https:\/\/www.pharca.com\/de\/leistungen\/verpackungsentwicklung-design\/\" class=\"link-masonry-item col-3\" rel=\"noopener\"><!-- [et_pb_line_break_holder] -->        <\/p>\n<div class=\"link-masonry-content\"><!-- [et_pb_line_break_holder] -->            <span class=\"pre-headline\">Leistungen<\/span><!-- [et_pb_line_break_holder] --> <span class=\"headline\">Verpackungsentwicklung &#038; -design<\/span><!-- [et_pb_line_break_holder] -->        <\/div>\n<p><!-- [et_pb_line_break_holder] -->    <\/a><!-- [et_pb_line_break_holder] -->    <a href=\"https:\/\/www.pharca.com\/de\/leistungen\/designtransfer-prozessentwiklung\/\" class=\"link-masonry-item col-3\" rel=\"noopener\"><!-- [et_pb_line_break_holder] -->        <\/p>\n<div class=\"link-masonry-content\"><!-- [et_pb_line_break_holder] -->            <span class=\"pre-headline\">Leistungen<\/span><!-- [et_pb_line_break_holder] --> <span class=\"headline\">Designtransfer &#038; <!-- [et_pb_line_break_holder] --> Prozessvalidierung<!-- [et_pb_line_break_holder] --><\/span><!-- [et_pb_line_break_holder] -->        <\/div>\n<p><!-- [et_pb_line_break_holder] -->    <\/a><!-- [et_pb_line_break_holder] -->    <a href=\"https:\/\/www.pharca.com\/de\/leistungen\/packaging-lifecyclem-management-de\/\" class=\"link-masonry-item col-2\" rel=\"noopener\"><!-- [et_pb_line_break_holder] -->        <\/p>\n<div class=\"link-masonry-content\"><!-- [et_pb_line_break_holder] -->            <span class=\"pre-headline\">Leistungen<\/span><!-- [et_pb_line_break_holder] --> <span class=\"headline\">Management des Lebenszyklus der Verpackung<\/span><!-- [et_pb_line_break_holder] -->        <\/div>\n<p><!-- [et_pb_line_break_holder] -->    <\/a><!-- [et_pb_line_break_holder] -->    <a href=\"https:\/\/www.pharca.com\/de\/leistungen\/verifizierung-der-verpackung\/\" class=\"link-masonry-item col-2\" rel=\"noopener\"><!-- [et_pb_line_break_holder] -->        <\/p>\n<div class=\"link-masonry-content\"><!-- [et_pb_line_break_holder] -->            <span class=\"pre-headline\">Leistungen<\/span><!-- [et_pb_line_break_holder] --> <span class=\"headline\">Verifizierung der Verpackung<\/span><!-- [et_pb_line_break_holder] -->        <\/div>\n<p><!-- [et_pb_line_break_holder] -->    <\/a><!-- [et_pb_line_break_holder] -->    <a href=\"https:\/\/www.pharca.com\/de\/leistungen\/regulatorische-anforderungen\/\" class=\"link-masonry-item col-2\" rel=\"noopener\"><!-- [et_pb_line_break_holder] -->        <\/p>\n<div class=\"link-masonry-content\"><!-- [et_pb_line_break_holder] -->            <span class=\"pre-headline\">Leistungen<\/span><!-- [et_pb_line_break_holder] --> <span class=\"headline\">Regulatorische Anforderungen<\/span><!-- [et_pb_line_break_holder] -->        <\/div>\n<p><!-- [et_pb_line_break_holder] -->    <\/a><!-- [et_pb_line_break_holder] --><\/div>\n<p><!-- [et_pb_line_break_holder] -->[\/et_pb_code][\/et_pb_column][\/et_pb_row][\/et_pb_section][et_pb_section fb_built=&#8221;1&#8243; custom_padding_last_edited=&#8221;on|phone&#8221; _builder_version=&#8221;4.24.2&#8243; _module_preset=&#8221;default&#8221; custom_padding_tablet=&#8221;&#8221; custom_padding_phone=&#8221;0px||0px||false|false&#8221; locked=&#8221;off&#8221; global_colors_info=&#8221;{}&#8221;][et_pb_row column_structure=&#8221;2_5,3_5&#8243; _builder_version=&#8221;4.22.2&#8243; _module_preset=&#8221;default&#8221; locked=&#8221;off&#8221; global_colors_info=&#8221;{}&#8221;][et_pb_column type=&#8221;2_5&#8243; _builder_version=&#8221;4.22.2&#8243; _module_preset=&#8221;default&#8221; global_colors_info=&#8221;{}&#8221;][et_pb_text _builder_version=&#8221;4.22.2&#8243; _module_preset=&#8221;default&#8221; header_2_text_color=&#8221;gcid-78e316dc-3ec4-449b-ab5e-4342817d2b26&#8243; global_colors_info=&#8221;{%22gcid-78e316dc-3ec4-449b-ab5e-4342817d2b26%22:%91%22header_2_text_color%22%93}&#8221;]<\/p>\n<h2> Was unsere Kunden berichten<\/h2>\n<p>[\/et_pb_text][\/et_pb_column][et_pb_column type=&#8221;3_5&#8243; _builder_version=&#8221;4.22.2&#8243; _module_preset=&#8221;default&#8221; global_colors_info=&#8221;{}&#8221;][et_pb_text _builder_version=&#8221;4.23.1&#8243; _module_preset=&#8221;default&#8221; global_colors_info=&#8221;{}&#8221;]<\/p>\n<h5>&#8220;<span>Bei der Zusammenarbeit mit Herrn Heizmann sch\u00e4tzte ich besonders seine Kompetenz, Freundlichkeit und Offenheit. Durch seine vorausschauende Planung und l\u00f6sungsorientierte Herangehensweise hat er ma\u00dfgeblich zur rechtzeitigen Einf\u00fchrung der Originalit\u00e4tssicherung beigetragen.<\/span>&#8220;<\/h5>\n<p>[\/et_pb_text][et_pb_text _builder_version=&#8221;4.23.1&#8243; _module_preset=&#8221;default&#8221; custom_margin=&#8221;||23px|||&#8221; global_colors_info=&#8221;{}&#8221;]<\/p>\n<p><strong>Beate Hub <\/strong>| <span>Leiterin von Regulatory Operations \/ Business Demand Partner<\/span><\/p>\n<p>[\/et_pb_text][et_pb_image src=&#8221;https:\/\/pharca-19a5a.kxcdn.com\/wp-content\/uploads\/2023\/12\/logo_dr-falk-pharma.svg&#8221; title_text=&#8221;logo_dr-falk-pharma&#8221; _builder_version=&#8221;4.27.4&#8243; _module_preset=&#8221;default&#8221; custom_margin=&#8221;||80px|||&#8221; hover_enabled=&#8221;0&#8243; dvmd_acat_aria_label=&#8221;Logo der Marke Dr. Falk&#8221; global_colors_info=&#8221;{}&#8221; sticky_enabled=&#8221;0&#8243;][\/et_pb_image][et_pb_text _builder_version=&#8221;4.23.1&#8243; _module_preset=&#8221;default&#8221; global_colors_info=&#8221;{}&#8221;]<\/p>\n<h5><span>&#8220;Wir haben einen kompetenten Partner f\u00fcr eine zeitkritische \u00c4nderung einer unserer Verpackungssysteme f\u00fcr ein medizinisches Einmalprodukt gesucht.<br \/>\nDas Team der Firma Pharca konnte Aufgrund seines Verst\u00e4ndnisses der Anforderungen, der Erfahrung mit Schutzverpackungen und Kreativit\u00e4t eine L\u00f6sung erarbeiten<br \/>\ndie daf\u00fcr sorgen wird, dass unsere Produkte weiterhin sicher bis zum Einsatz bei Kunden transportiert werden k\u00f6nnen.&#8221;<\/span><\/h5>\n<p>[\/et_pb_text][et_pb_text _builder_version=&#8221;4.23.1&#8243; _module_preset=&#8221;default&#8221; custom_margin=&#8221;||23px|||&#8221; global_colors_info=&#8221;{}&#8221;]<\/p>\n<p><span data-metadata=\"&lt;!--(figmeta)eyJmaWxlS2V5IjoiUG9BM293SUVySWFoNVdOeFByM0oyUSIsInBhc3RlSUQiOjg3NjcxNjE5NSwiZGF0YVR5cGUiOiJzY2VuZSJ9Cg==(\/figmeta)--&gt;\"><\/span><strong><span>Sascha Gre\u00dfer<\/span> <\/strong>| <span>Teamleader R&amp;D Specialists &amp; Assist Systems<\/span><\/p>\n<p>[\/et_pb_text][et_pb_image src=&#8221;https:\/\/pharca-19a5a.kxcdn.com\/wp-content\/uploads\/2023\/12\/logo_getinge.svg&#8221; title_text=&#8221;logo_getinge&#8221; _builder_version=&#8221;4.27.4&#8243; _module_preset=&#8221;default&#8221; custom_margin=&#8221;||80px|||&#8221; hover_enabled=&#8221;0&#8243; dvmd_acat_aria_label=&#8221;Logo der Marke GETINGE&#8221; global_colors_info=&#8221;{}&#8221; sticky_enabled=&#8221;0&#8243;][\/et_pb_image][et_pb_text _builder_version=&#8221;4.23.1&#8243; _module_preset=&#8221;default&#8221; custom_margin=&#8221;||32px|||&#8221; locked=&#8221;off&#8221; global_colors_info=&#8221;{}&#8221;]<\/p>\n<h5><span>&#8220;Ich m\u00f6chte unsere Zufriedenheit mit den Dienstleistungen der Pharca GmbH zum Ausdruck bringen. In den letzten Jahren hat Pharca uns in Sustaining Packaging Engineering prozessen durch die Entwicklung von Software-Tools zur Vereinfachung des Verpackungsmanagements effektiv unterst\u00fctzt. Die kompetente Unterst\u00fctzung von Pharca bei der Beantwortung von Notified Body Deficiency Lettern und bei verschiedenen \u00c4nderungen an unseren Verpackungen war f\u00fcr uns sehr wertvoll. Die Zusammenarbeit war stets professionell und effizient. <\/span><span>&#8220;<\/span><\/h5>\n<p>[\/et_pb_text][et_pb_text _builder_version=&#8221;4.23.1&#8243; _module_preset=&#8221;default&#8221; custom_margin=&#8221;||23px|||&#8221; locked=&#8221;off&#8221; global_colors_info=&#8221;{}&#8221;]<\/p>\n<p><span data-metadata=\"&lt;!--(figmeta)eyJmaWxlS2V5IjoiUG9BM293SUVySWFoNVdOeFByM0oyUSIsInBhc3RlSUQiOjg3NjcxNjE5NSwiZGF0YVR5cGUiOiJzY2VuZSJ9Cg==(\/figmeta)--&gt;\"><\/span><strong><span>Roland Niklaus<\/span> <\/strong>| <span>Manager R&amp;D, Packaging Supply<\/span><\/p>\n<p>[\/et_pb_text][et_pb_image src=&#8221;https:\/\/pharca-19a5a.kxcdn.com\/wp-content\/uploads\/2023\/12\/logo_stryker.svg&#8221; title_text=&#8221;logo_stryker&#8221; _builder_version=&#8221;4.27.4&#8243; _module_preset=&#8221;default&#8221; hover_enabled=&#8221;0&#8243; dvmd_acat_aria_label=&#8221;Logo der Firma Stryker&#8221; locked=&#8221;off&#8221; global_colors_info=&#8221;{}&#8221; sticky_enabled=&#8221;0&#8243;][\/et_pb_image][\/et_pb_column][\/et_pb_row][\/et_pb_section][et_pb_section fb_built=&#8221;1&#8243; custom_padding_last_edited=&#8221;on|phone&#8221; _builder_version=&#8221;4.24.2&#8243; _module_preset=&#8221;default&#8221; custom_padding_tablet=&#8221;&#8221; custom_padding_phone=&#8221;0px||0px||false|false&#8221; global_colors_info=&#8221;{}&#8221;][et_pb_row column_structure=&#8221;1_2,1_2&#8243; use_custom_gutter=&#8221;on&#8221; gutter_width=&#8221;1&#8243; make_equal=&#8221;on&#8221; _builder_version=&#8221;4.22.2&#8243; _module_preset=&#8221;default&#8221; custom_margin=&#8221;50px||50px||true|false&#8221; global_colors_info=&#8221;{}&#8221;][et_pb_column type=&#8221;1_2&#8243; _builder_version=&#8221;4.22.2&#8243; _module_preset=&#8221;default&#8221; custom_padding=&#8221;20px||20px||true|false&#8221; global_colors_info=&#8221;{}&#8221;][et_pb_text _builder_version=&#8221;4.27.4&#8243; _module_preset=&#8221;default&#8221; text_text_color=&#8221;#40c1ac&#8221; header_2_text_color=&#8221;gcid-78e316dc-3ec4-449b-ab5e-4342817d2b26&#8243; width=&#8221;90%&#8221; custom_margin=&#8221;||10px||false|false&#8221; global_colors_info=&#8221;{%22gcid-78e316dc-3ec4-449b-ab5e-4342817d2b26%22:%91%22header_2_text_color%22%93}&#8221;]<\/p>\n<h2 style=\"color: #40c1ac;\">Fachkundige Beratung ma\u00dfgeschneidert auf Ihre Verpackungsbed\u00fcrfnisse.<\/h2>\n<p>[\/et_pb_text][et_pb_text _builder_version=&#8221;4.23.1&#8243; _module_preset=&#8221;default&#8221; min_height=&#8221;13.8px&#8221; global_colors_info=&#8221;{}&#8221;]<\/p>\n<p style=\"text-align: left;\"><a href=\"https:\/\/www.pharca.com\/de\/kontakt\/\" class=\"btn-link \">Kontakt aufnehmen<\/a><\/p>\n<p>[\/et_pb_text][\/et_pb_column][et_pb_column type=&#8221;1_2&#8243; _builder_version=&#8221;4.22.2&#8243; _module_preset=&#8221;default&#8221; custom_padding=&#8221;20px||20px||true|false&#8221; global_colors_info=&#8221;{}&#8221;][et_pb_code _builder_version=&#8221;4.27.4&#8243; _module_preset=&#8221;default&#8221; hover_enabled=&#8221;0&#8243; dvmd_acat_aria_label=&#8221;Christian Heizmann, CEO &#038; Founder, und Maximilian Br\u00fcckmann, Senior Consultant bei pharca&#8221; locked=&#8221;off&#8221; global_colors_info=&#8221;{}&#8221; sticky_enabled=&#8221;0&#8243;]<div id=\"vue-wordpress-app-c2fd7a0d-5988-429b-99fe-66fb9d665352\" data-app-url=\"https:\/\/www.pharca.com\" data-fcaptcha-sitekey=\"FCMHA65IB4VEF0DF\" data-component=\"contact-section\" data-lang=\"de\"><\/div>[\/et_pb_code][\/et_pb_column][\/et_pb_row][\/et_pb_section]<\/p>\n","protected":false},"excerpt":{"rendered":"<p>Fortschrittliche Verpackungsl\u00f6sungen im Lifescience- &amp; Gesundheitswesen Was unsere Kunden berichten&#8221;Bei der Zusammenarbeit mit Herrn Heizmann sch\u00e4tzte ich besonders seine Kompetenz, Freundlichkeit und Offenheit. Durch seine vorausschauende Planung und l\u00f6sungsorientierte Herangehensweise hat er ma\u00dfgeblich zur rechtzeitigen Einf\u00fchrung der Originalit\u00e4tssicherung beigetragen.&#8221;Beate Hub | Leiterin von Regulatory Operations \/ Business Demand Partner&#8221;Wir haben einen kompetenten Partner f\u00fcr eine [&hellip;]<\/p>\n","protected":false},"author":1,"featured_media":628,"parent":0,"menu_order":0,"comment_status":"closed","ping_status":"closed","template":"","meta":{"_acf_changed":false,"_et_pb_use_builder":"on","_et_pb_old_content":"","_et_gb_content_width":"","inline_featured_image":false,"footnotes":""},"categories":[],"tags":[],"class_list":["post-1165","page","type-page","status-publish","has-post-thumbnail","hentry"],"acf":[],"tag_names":[],"category_names":[],"thumbnail":"https:\/\/pharca-19a5a.kxcdn.com\/wp-content\/uploads\/2023\/12\/kopfmedia_pharca-screengrab-1.webp","_links":{"self":[{"href":"https:\/\/www.pharca.com\/de\/wp-json\/wp\/v2\/pages\/1165","targetHints":{"allow":["GET"]}}],"collection":[{"href":"https:\/\/www.pharca.com\/de\/wp-json\/wp\/v2\/pages"}],"about":[{"href":"https:\/\/www.pharca.com\/de\/wp-json\/wp\/v2\/types\/page"}],"author":[{"embeddable":true,"href":"https:\/\/www.pharca.com\/de\/wp-json\/wp\/v2\/users\/1"}],"replies":[{"embeddable":true,"href":"https:\/\/www.pharca.com\/de\/wp-json\/wp\/v2\/comments?post=1165"}],"version-history":[{"count":28,"href":"https:\/\/www.pharca.com\/de\/wp-json\/wp\/v2\/pages\/1165\/revisions"}],"predecessor-version":[{"id":2464,"href":"https:\/\/www.pharca.com\/de\/wp-json\/wp\/v2\/pages\/1165\/revisions\/2464"}],"wp:featuredmedia":[{"embeddable":true,"href":"https:\/\/www.pharca.com\/de\/wp-json\/wp\/v2\/media\/628"}],"wp:attachment":[{"href":"https:\/\/www.pharca.com\/de\/wp-json\/wp\/v2\/media?parent=1165"}],"wp:term":[{"taxonomy":"category","embeddable":true,"href":"https:\/\/www.pharca.com\/de\/wp-json\/wp\/v2\/categories?post=1165"},{"taxonomy":"post_tag","embeddable":true,"href":"https:\/\/www.pharca.com\/de\/wp-json\/wp\/v2\/tags?post=1165"}],"curies":[{"name":"wp","href":"https:\/\/api.w.org\/{rel}","templated":true}]}}