{"id":1173,"date":"2023-12-01T11:54:39","date_gmt":"2023-12-01T10:54:39","guid":{"rendered":"https:\/\/www.pharca.com\/verpackungsentwicklung-design\/"},"modified":"2025-05-22T07:57:12","modified_gmt":"2025-05-22T05:57:12","slug":"verpackungsentwicklung-design","status":"publish","type":"page","link":"https:\/\/www.pharca.com\/de\/leistungen\/verpackungsentwicklung-design\/","title":{"rendered":"Verpackungsentwicklung und -design"},"content":{"rendered":"<p>[et_pb_section fb_built=&#8221;1&#8243; module_class=&#8221;hero-overlapping-background&#8221; _builder_version=&#8221;4.23.1&#8243; _module_preset=&#8221;default&#8221; custom_margin=&#8221;100px||||false|false&#8221; global_colors_info=&#8221;{}&#8221;][et_pb_row column_structure=&#8221;3_4,1_4&#8243; make_equal=&#8221;on&#8221; _builder_version=&#8221;4.27.4&#8243; _module_preset=&#8221;default&#8221; min_height=&#8221;500px&#8221; min_height_tablet=&#8221;300px&#8221; min_height_phone=&#8221;300px&#8221; min_height_last_edited=&#8221;on|tablet&#8221; hover_enabled=&#8221;0&#8243; custom_css_free_form=&#8221;.et_pb_row::after{||  background-image:url(%22\/\/pharca-19a5a.kxcdn.com\/wp-content\/uploads\/2023\/12\/kopfmedia_pharca_stock-3.webp%22);||}&#8221; dvmd_acat_aria_label=&#8221;Wei\u00dfe, \u00fcberlappende Papierb\u00f6gen in geometrischer Anordnung&#8221; global_colors_info=&#8221;{}&#8221; sticky_enabled=&#8221;0&#8243;][et_pb_column type=&#8221;3_4&#8243; _builder_version=&#8221;4.22.2&#8243; _module_preset=&#8221;default&#8221; global_colors_info=&#8221;{}&#8221;][et_pb_text _builder_version=&#8221;4.23.1&#8243; _module_preset=&#8221;default&#8221; header_text_color=&#8221;gcid-78e316dc-3ec4-449b-ab5e-4342817d2b26&#8243; header_6_font=&#8221;|||on|||||&#8221; global_colors_info=&#8221;{%22gcid-78e316dc-3ec4-449b-ab5e-4342817d2b26%22:%91%22header_text_color%22%93}&#8221;]<\/p>\n<h6>Leistungen<\/h6>\n<h1>Verpackungsentwicklung und -design<\/h1>\n<p>[\/et_pb_text][\/et_pb_column][et_pb_column type=&#8221;1_4&#8243; _builder_version=&#8221;4.22.2&#8243; _module_preset=&#8221;default&#8221; global_colors_info=&#8221;{}&#8221;][\/et_pb_column][\/et_pb_row][\/et_pb_section][et_pb_section fb_built=&#8221;1&#8243; _builder_version=&#8221;4.22.2&#8243; _module_preset=&#8221;default&#8221; global_colors_info=&#8221;{}&#8221;][et_pb_row column_structure=&#8221;1_2,1_2&#8243; _builder_version=&#8221;4.22.2&#8243; _module_preset=&#8221;default&#8221; global_colors_info=&#8221;{}&#8221;][et_pb_column type=&#8221;1_2&#8243; _builder_version=&#8221;4.22.2&#8243; _module_preset=&#8221;default&#8221; global_colors_info=&#8221;{}&#8221;][et_pb_text _builder_version=&#8221;4.23.1&#8243; _module_preset=&#8221;default&#8221; header_2_text_color=&#8221;gcid-78e316dc-3ec4-449b-ab5e-4342817d2b26&#8243; global_colors_info=&#8221;{%22gcid-78e316dc-3ec4-449b-ab5e-4342817d2b26%22:%91%22header_2_text_color%22%93}&#8221;]<\/p>\n<h2>Ihr zuverl\u00e4ssiger Partner f\u00fcr fortschrittliche Verpackungsl\u00f6sungen<br \/>\n<\/h2>\n<p>[\/et_pb_text][et_pb_text _builder_version=&#8221;4.23.1&#8243; _module_preset=&#8221;default&#8221; global_colors_info=&#8221;{}&#8221;]<\/p>\n<p style=\"text-align: left;\"><a href=\"#packaging-desing\" class=\"btn-link\">mehr erfahren<\/a><\/p>\n<p>[\/et_pb_text][\/et_pb_column][et_pb_column type=&#8221;1_2&#8243; _builder_version=&#8221;4.22.2&#8243; _module_preset=&#8221;default&#8221; global_colors_info=&#8221;{}&#8221;][et_pb_text _builder_version=&#8221;4.23.1&#8243; _module_preset=&#8221;default&#8221; global_colors_info=&#8221;{}&#8221;]Wir bei Pharca sind auf die Entwicklung und das Design fortschrittlicher Verpackungen f\u00fcr den Gesundheitsbereich spezialisiert. Unser Fachwissen deckt eine Reihe von kritischen Bereichen ab, um hochwertige Verpackungsl\u00f6sungen zu liefern, die auf die einzigartigen Bed\u00fcrfnisse der Pharma- und Medizinprodukteindustrie zugeschnitten sind.[\/et_pb_text][\/et_pb_column][\/et_pb_row][et_pb_row _builder_version=&#8221;4.22.2&#8243; _module_preset=&#8221;default&#8221; global_colors_info=&#8221;{}&#8221;][et_pb_column type=&#8221;4_4&#8243; _builder_version=&#8221;4.22.2&#8243; _module_preset=&#8221;default&#8221; global_colors_info=&#8221;{}&#8221;][et_pb_code _builder_version=&#8221;4.27.4&#8243; _module_preset=&#8221;default&#8221; background_image=&#8221;https:\/\/pharca-19a5a.kxcdn.com\/wp-content\/uploads\/2023\/12\/kopfmedia_pharca-screengrab-1.webp&#8221; parallax=&#8221;on&#8221; min_height=&#8221;800px&#8221; hover_enabled=&#8221;0&#8243; dvmd_acat_aria_label=&#8221;Monitor mit CAD-Modell einer medizinischen Verpackung im B\u00fcro von pharca&#8221; border_radii=&#8221;on|30px|30px|30px|30px&#8221; global_colors_info=&#8221;{}&#8221; sticky_enabled=&#8221;0&#8243;][\/et_pb_code][\/et_pb_column][\/et_pb_row][\/et_pb_section][et_pb_section fb_built=&#8221;1&#8243; module_id=&#8221;packaging-desing&#8221; _builder_version=&#8221;4.23.1&#8243; _module_preset=&#8221;default&#8221; global_colors_info=&#8221;{}&#8221;][et_pb_row column_structure=&#8221;1_3,1_3,1_3&#8243; _builder_version=&#8221;4.22.2&#8243; _module_preset=&#8221;default&#8221; global_colors_info=&#8221;{}&#8221;][et_pb_column type=&#8221;1_3&#8243; _builder_version=&#8221;4.22.2&#8243; _module_preset=&#8221;default&#8221; global_colors_info=&#8221;{}&#8221;][et_pb_text _builder_version=&#8221;4.23.1&#8243; _module_preset=&#8221;default&#8221; global_colors_info=&#8221;{}&#8221;]<\/p>\n<h3>Pr\u00e4zise Analyse ihrer Bed\u00fcrfnisse<\/h3>\n<p>Unser Team f\u00fchrt eine gr\u00fcndliche Analyse des Verwendungszwecks, der Leistungsanforderungen und der Benutzerbed\u00fcrfnisse durch, um diese in pr\u00e4zise Designvorgaben umzusetzen. Dieser sorgf\u00e4ltige Ansatz stellt sicher, dass unsere Verpackungsl\u00f6sungen perfekt auf Ihre Ziele abgestimmt sind.[\/et_pb_text][\/et_pb_column][et_pb_column type=&#8221;1_3&#8243; _builder_version=&#8221;4.22.2&#8243; _module_preset=&#8221;default&#8221; global_colors_info=&#8221;{}&#8221;][et_pb_text _builder_version=&#8221;4.23.1&#8243; _module_preset=&#8221;default&#8221; global_colors_info=&#8221;{}&#8221;]<\/p>\n<h3>ISO 11607-1 Konforme Medizintechnik Verpackungen<\/h3>\n<p>Wir sind f\u00fchrend in der Entwicklung von sterilen und nicht sterilen Verpackungssystemen f\u00fcr Medizinprodukte unter strenger Einhaltung der ISO-Norm 11607-1. Unser Engagement f\u00fcr Qualit\u00e4t und Konformit\u00e4t ist der Garant f\u00fcr die Sicherheit und den Schutz Ihrer Produkte.[\/et_pb_text][\/et_pb_column][et_pb_column type=&#8221;1_3&#8243; _builder_version=&#8221;4.22.2&#8243; _module_preset=&#8221;default&#8221; global_colors_info=&#8221;{}&#8221;][et_pb_text _builder_version=&#8221;4.23.1&#8243; _module_preset=&#8221;default&#8221; global_colors_info=&#8221;{}&#8221;]<\/p>\n<h3>Exzellente Pharmaverpackungen<\/h3>\n<p>Von der Prim\u00e4rverpackung, die in direktem Kontakt mit dem pharmazeutischen Produkt steht, bis hin zur Sekund\u00e4r- und Terti\u00e4rverpackung f\u00fcr den Versand &#8211; unsere Expertinnen und Experten entwickeln umfassende L\u00f6sungen. Unser Ziel ist es, den Produktschutz und die Markenattraktivit\u00e4t zu verbessern.[\/et_pb_text][\/et_pb_column][\/et_pb_row][et_pb_row column_structure=&#8221;1_3,1_3,1_3&#8243; _builder_version=&#8221;4.22.2&#8243; _module_preset=&#8221;default&#8221; global_colors_info=&#8221;{}&#8221;][et_pb_column type=&#8221;1_3&#8243; _builder_version=&#8221;4.22.2&#8243; _module_preset=&#8221;default&#8221; global_colors_info=&#8221;{}&#8221;][et_pb_text _builder_version=&#8221;4.23.1&#8243; _module_preset=&#8221;default&#8221; global_colors_info=&#8221;{}&#8221;]<\/p>\n<h3>Benutzerorientiertes Design<\/h3>\n<p>Wir legen gro\u00dfen Wert auf die Benutzerfreundlichkeit und konzentrieren uns auf die  in \u00dcbereinstimmung mit der Norm IEC62366-1:2015. Unsere benutzerfreundlichen Verpackungssysteme machen die Interaktion intuitiv und erh\u00f6hen die Zufriedenheit sowohl der Patienten als auch des medizinischen Personals.[\/et_pb_text][\/et_pb_column][et_pb_column type=&#8221;1_3&#8243; _builder_version=&#8221;4.22.2&#8243; _module_preset=&#8221;default&#8221; global_colors_info=&#8221;{}&#8221;][et_pb_text _builder_version=&#8221;4.23.1&#8243; _module_preset=&#8221;default&#8221; global_colors_info=&#8221;{}&#8221;]<\/p>\n<h3>Wahl des richtigen Materials<\/h3>\n<p>Wir bewerten Verpackungsmaterialien sorgf\u00e4ltig und ber\u00fccksichtigen dabei Sterilisationsmethoden, Wechselwirkungen zwischen Verpackung und Produkten sowie die Alterungsbest\u00e4ndigkeit. Diese Liebe zum Detail garantiert die Langlebigkeit und Unversehrtheit Ihrer Produkte.[\/et_pb_text][\/et_pb_column][et_pb_column type=&#8221;1_3&#8243; _builder_version=&#8221;4.22.2&#8243; _module_preset=&#8221;default&#8221; global_colors_info=&#8221;{}&#8221;][et_pb_text _builder_version=&#8221;4.23.1&#8243; _module_preset=&#8221;default&#8221; global_colors_info=&#8221;{}&#8221;]<\/p>\n<h3>Auswahl von Lieferanten<\/h3>\n<p>Die Zusammenarbeit mit den richtigen Lieferanten ist entscheidend. Wir bewerten sorgf\u00e4ltig die Lieferanten von Verpackungsmaterialien und Verpackungsmaschinen und arbeiten mit ihnen zusammen, um gleichbleibende Qualit\u00e4t und Effizienz zu gew\u00e4hrleisten.[\/et_pb_text][\/et_pb_column][\/et_pb_row][\/et_pb_section][et_pb_section fb_built=&#8221;1&#8243; _builder_version=&#8221;4.23.1&#8243; _module_preset=&#8221;default&#8221; global_colors_info=&#8221;{}&#8221;][et_pb_row _builder_version=&#8221;4.23.1&#8243; _module_preset=&#8221;default&#8221; width=&#8221;100%&#8221; global_colors_info=&#8221;{}&#8221;][et_pb_column type=&#8221;4_4&#8243; _builder_version=&#8221;4.23.1&#8243; _module_preset=&#8221;default&#8221; global_colors_info=&#8221;{}&#8221;][et_pb_code _builder_version=&#8221;4.23.1&#8243; _module_preset=&#8221;default&#8221; global_colors_info=&#8221;{}&#8221;]<div id=\"vue-wordpress-app-61c69fcb-ff9a-4ecd-a580-37d36af6ac44\" data-app-url=\"https:\/\/www.pharca.com\" data-fcaptcha-sitekey=\"FCMHA65IB4VEF0DF\" data-0=\"\" data-1=\"&#091;et_pb_line_break_holder&#093;\" data-2=\"\" data-3=\"&#091;et_pb_line_break_holder&#093;\" data-4=\"\" data-5=\"&#091;et_pb_line_break_holder&#093;\" data-6=\"\" data-7=\"&#091;et_pb_line_break_holder&#093;\" data-8=\"--&gt;\" data-9=\"&#8220;postType&#8221;:\" data-10=\"\" data-11=\"&#091;et_pb_line_break_holder&#093;\" data-12=\"--&gt;\" data-13=\"&#8220;postTag&#8221;:\" data-14=\"\" data-15=\"&#091;et_pb_line_break_holder&#093;\" data-16=\"--&gt;\" data-17=\"&#8220;coverSlide&#8221;:\" data-18=\"\" data-19=\"&#091;et_pb_line_break_holder&#093;\" data-20=\"--&gt;\" data-21=\"&#8220;title&#8221;:\" data-22=\"&#8220;Healthcare\" data-23=\"&#038;\" data-24=\"lifescience\" data-25=\"\" data-26=\"&#091;et_pb_line_break_holder&#093;\" data-27=\"--&gt;\" data-28=\"&#8220;linkLabel&#8221;:\" data-29=\"&#8220;all\" data-30=\"\" data-31=\"&#091;et_pb_line_break_holder&#093;\" data-32=\"--&gt;\" data-33=\"&#8220;slug&#8221;:\" data-34=\"\" data-35=\"&#091;et_pb_line_break_holder&#093;\" data-36=\"--&gt;\" data-37=\"\" data-38=\"&#091;et_pb_line_break_holder&#093;\" data-39=\"--&gt;\" data-40=\"&#8220;optionsOverwrite&#8221;:\" data-41=\"\" data-42=\"&#091;et_pb_line_break_holder&#093;\" data-43=\"--&gt;\" data-44=\"&#8220;type&#8221;:\" data-45=\"\" data-46=\"&#091;et_pb_line_break_holder&#093;\" data-47=\"--&gt;\" data-48=\"&#8220;focusAt&#8221;:\" data-49=\"\" data-50=\"&#091;et_pb_line_break_holder&#093;\" data-51=\"--&gt;\" data-52=\"&#8220;breakpoints&#8221;:\" data-53=\"\" data-54=\"&#091;et_pb_line_break_holder&#093;\" data-55=\"--&gt;\" data-56=\"&#8220;1400&#8221;:\" data-57=\"{\" data-58=\"&#8220;perView&#8221;:\" data-59=\"3\" data-60=\"\" data-61=\"&#091;et_pb_line_break_holder&#093;\" data-62=\"--&gt;\" data-63=\"&#8220;1000&#8221;:\" data-64=\"{\" data-65=\"&#8220;perView&#8221;:\" data-66=\"1,\" data-67=\"&#8220;peek&#8221;:\" data-68=\"0\" data-69=\"\" data-70=\"&#091;et_pb_line_break_holder&#093;\" data-71=\"--&gt;\" data-72=\"\" data-73=\"&#091;et_pb_line_break_holder&#093;\" data-74=\"--&gt;\" data-75=\"\" data-76=\"&#091;et_pb_line_break_holder&#093;\" data-77=\"--&gt;}&#8217;\"><\/div>[\/et_pb_code][\/et_pb_column][\/et_pb_row][\/et_pb_section][et_pb_section fb_built=&#8221;1&#8243; disabled_on=&#8221;off|off|off&#8221; _builder_version=&#8221;4.23.1&#8243; _module_preset=&#8221;default&#8221; global_colors_info=&#8221;{}&#8221;][et_pb_row column_structure=&#8221;2_5,3_5&#8243; _builder_version=&#8221;4.22.2&#8243; _module_preset=&#8221;default&#8221; locked=&#8221;off&#8221; global_colors_info=&#8221;{}&#8221;][et_pb_column type=&#8221;2_5&#8243; _builder_version=&#8221;4.22.2&#8243; _module_preset=&#8221;default&#8221; global_colors_info=&#8221;{}&#8221;][et_pb_text _builder_version=&#8221;4.22.2&#8243; _module_preset=&#8221;default&#8221; header_2_text_color=&#8221;gcid-78e316dc-3ec4-449b-ab5e-4342817d2b26&#8243; global_colors_info=&#8221;{%22gcid-78e316dc-3ec4-449b-ab5e-4342817d2b26%22:%91%22header_2_text_color%22%93}&#8221;]<\/p>\n<h2>Was unsere Kunden berichten<\/h2>\n<p>[\/et_pb_text][\/et_pb_column][et_pb_column type=&#8221;3_5&#8243; _builder_version=&#8221;4.22.2&#8243; _module_preset=&#8221;default&#8221; global_colors_info=&#8221;{}&#8221;][et_pb_text _builder_version=&#8221;4.23.1&#8243; _module_preset=&#8221;default&#8221; global_colors_info=&#8221;{}&#8221;]<\/p>\n<h5><span>&#8220;Wir haben einen kompetenten Partner f\u00fcr eine zeitkritische \u00c4nderung einer unserer Verpackungssysteme f\u00fcr ein medizinisches Einmalprodukt gesucht.<br \/>\nDas Team der Firma Pharca konnte Aufgrund seines Verst\u00e4ndnisses der Anforderungen, der Erfahrung mit Schutzverpackungen und Kreativit\u00e4t eine L\u00f6sung erarbeiten<br \/>\ndie daf\u00fcr sorgen wird, dass unsere Produkte weiterhin sicher bis zum Einsatz bei Kunden transportiert werden k\u00f6nnen.&#8221;<\/span><\/h5>\n<p>[\/et_pb_text][et_pb_text _builder_version=&#8221;4.23.1&#8243; _module_preset=&#8221;default&#8221; custom_margin=&#8221;||23px|||&#8221; global_colors_info=&#8221;{}&#8221;]<\/p>\n<p><span data-metadata=\"&lt;!--(figmeta)eyJmaWxlS2V5IjoiUG9BM293SUVySWFoNVdOeFByM0oyUSIsInBhc3RlSUQiOjg3NjcxNjE5NSwiZGF0YVR5cGUiOiJzY2VuZSJ9Cg==(\/figmeta)--&gt;\"><\/span><strong><span>Sascha Gre\u00dfer<\/span> <\/strong>| <span>Teamleader R&amp;D Specialists &amp; Assist Systems<\/span><\/p>\n<p>[\/et_pb_text][et_pb_image src=&#8221;https:\/\/pharca-19a5a.kxcdn.com\/wp-content\/uploads\/2023\/12\/logo_getinge.svg&#8221; title_text=&#8221;logo_getinge&#8221; _builder_version=&#8221;4.27.4&#8243; _module_preset=&#8221;default&#8221; hover_enabled=&#8221;0&#8243; dvmd_acat_aria_label=&#8221;Logo Getinge&#8221; global_colors_info=&#8221;{}&#8221; sticky_enabled=&#8221;0&#8243;][\/et_pb_image][\/et_pb_column][\/et_pb_row][\/et_pb_section][et_pb_section fb_built=&#8221;1&#8243; _builder_version=&#8221;4.22.2&#8243; _module_preset=&#8221;default&#8221; global_colors_info=&#8221;{}&#8221;][et_pb_row _builder_version=&#8221;4.22.2&#8243; _module_preset=&#8221;default&#8221; global_colors_info=&#8221;{}&#8221;][et_pb_column type=&#8221;4_4&#8243; _builder_version=&#8221;4.22.2&#8243; _module_preset=&#8221;default&#8221; global_colors_info=&#8221;{}&#8221;][et_pb_text _builder_version=&#8221;4.23.1&#8243; _module_preset=&#8221;default&#8221; locked=&#8221;off&#8221; global_colors_info=&#8221;{}&#8221;]<\/p>\n<div style=\"display: flex; justify-content: space-between; flex-wrap: wrap; align-items: center;\">\n<h3>H\u00e4ufige Fragen<\/h3>\n<p><a href=\"https:\/\/www.pharca.com\/de\/faq-uebersicht\/\" class=\"btn-link color-dark\">all FAQ&#8217;s<\/a><\/p>\n<\/div>\n<p>[\/et_pb_text][et_pb_code _builder_version=&#8221;4.23.1&#8243; _module_preset=&#8221;default&#8221; global_colors_info=&#8221;{}&#8221;]<div id=\"vue-wordpress-app-1df6b183-43d8-4ee4-b1d2-d3d899bcfc41\" data-app-url=\"https:\/\/www.pharca.com\" data-fcaptcha-sitekey=\"FCMHA65IB4VEF0DF\" data-lang=\"de\" data-component=\"&#8221;faq-row&#8221;\" data-0=\"\" data-1=\"&#091;et_pb_line_break_holder&#093;\" data-2=\"\" data-3=\"&#091;et_pb_line_break_holder&#093;\" data-4=\"--&gt;}&#8217;\"><\/div>[\/et_pb_code][\/et_pb_column][\/et_pb_row][\/et_pb_section][et_pb_section fb_built=&#8221;1&#8243; custom_padding_last_edited=&#8221;on|phone&#8221; _builder_version=&#8221;4.24.2&#8243; _module_preset=&#8221;default&#8221; custom_padding_tablet=&#8221;&#8221; custom_padding_phone=&#8221;0px||0px||false|false&#8221; locked=&#8221;off&#8221; global_colors_info=&#8221;{}&#8221;][et_pb_row column_structure=&#8221;1_2,1_2&#8243; use_custom_gutter=&#8221;on&#8221; gutter_width=&#8221;1&#8243; make_equal=&#8221;on&#8221; _builder_version=&#8221;4.22.2&#8243; _module_preset=&#8221;default&#8221; custom_margin=&#8221;50px||50px||true|false&#8221; global_colors_info=&#8221;{}&#8221;][et_pb_column type=&#8221;1_2&#8243; _builder_version=&#8221;4.22.2&#8243; _module_preset=&#8221;default&#8221; custom_padding=&#8221;20px||20px||true|false&#8221; global_colors_info=&#8221;{}&#8221;][et_pb_text _builder_version=&#8221;4.27.4&#8243; _module_preset=&#8221;default&#8221; text_text_color=&#8221;#40c1ac&#8221; header_2_text_color=&#8221;gcid-78e316dc-3ec4-449b-ab5e-4342817d2b26&#8243; width=&#8221;90%&#8221; custom_margin=&#8221;||10px||false|false&#8221; global_colors_info=&#8221;{%22gcid-78e316dc-3ec4-449b-ab5e-4342817d2b26%22:%91%22header_2_text_color%22%93}&#8221;]<\/p>\n<h2 style=\"color: #40c1ac;\">Fachkundige Beratung ma\u00dfgeschneidert auf Ihre Verpackungsbed\u00fcrfnisse.<\/h2>\n<p>[\/et_pb_text][et_pb_text _builder_version=&#8221;4.23.1&#8243; _module_preset=&#8221;default&#8221; min_height=&#8221;13.8px&#8221; global_colors_info=&#8221;{}&#8221;]<\/p>\n<p style=\"text-align: left;\"><a href=\"https:\/\/www.pharca.com\/de\/kontakt\/\" class=\"btn-link \">Kontakt aufnehmen<\/a><\/p>\n<p>[\/et_pb_text][\/et_pb_column][et_pb_column type=&#8221;1_2&#8243; _builder_version=&#8221;4.22.2&#8243; _module_preset=&#8221;default&#8221; custom_padding=&#8221;20px||20px||true|false&#8221; global_colors_info=&#8221;{}&#8221;][et_pb_code _builder_version=&#8221;4.27.4&#8243; _module_preset=&#8221;default&#8221; hover_enabled=&#8221;0&#8243; dvmd_acat_aria_label=&#8221;Christian Heizmann, CEO &#038; Founder, und Maximilian Br\u00fcckmann, Senior Consultant bei pharca&#8221; locked=&#8221;off&#8221; global_colors_info=&#8221;{}&#8221; sticky_enabled=&#8221;0&#8243;]<div id=\"vue-wordpress-app-3a09a8fc-c48f-4338-ac07-b0409262b4e6\" data-app-url=\"https:\/\/www.pharca.com\" data-fcaptcha-sitekey=\"FCMHA65IB4VEF0DF\" data-component=\"contact-section\" data-lang=\"de\"><\/div>[\/et_pb_code][\/et_pb_column][\/et_pb_row][\/et_pb_section]<\/p>\n","protected":false},"excerpt":{"rendered":"<p>Leistungen Verpackungsentwicklung und -designIhr zuverl\u00e4ssiger Partner f\u00fcr fortschrittliche Verpackungsl\u00f6sungen mehr erfahrenWir bei Pharca sind auf die Entwicklung und das Design fortschrittlicher Verpackungen f\u00fcr den Gesundheitsbereich spezialisiert. Unser Fachwissen deckt eine Reihe von kritischen Bereichen ab, um hochwertige Verpackungsl\u00f6sungen zu liefern, die auf die einzigartigen Bed\u00fcrfnisse der Pharma- und Medizinprodukteindustrie zugeschnitten sind.Pr\u00e4zise Analyse ihrer Bed\u00fcrfnisse Unser [&hellip;]<\/p>\n","protected":false},"author":1,"featured_media":628,"parent":1165,"menu_order":0,"comment_status":"closed","ping_status":"closed","template":"","meta":{"_acf_changed":false,"_et_pb_use_builder":"on","_et_pb_old_content":"","_et_gb_content_width":"","inline_featured_image":false,"footnotes":""},"categories":[],"tags":[],"class_list":["post-1173","page","type-page","status-publish","has-post-thumbnail","hentry"],"acf":[],"tag_names":[],"category_names":[],"thumbnail":"https:\/\/pharca-19a5a.kxcdn.com\/wp-content\/uploads\/2023\/12\/kopfmedia_pharca-screengrab-1.webp","_links":{"self":[{"href":"https:\/\/www.pharca.com\/de\/wp-json\/wp\/v2\/pages\/1173","targetHints":{"allow":["GET"]}}],"collection":[{"href":"https:\/\/www.pharca.com\/de\/wp-json\/wp\/v2\/pages"}],"about":[{"href":"https:\/\/www.pharca.com\/de\/wp-json\/wp\/v2\/types\/page"}],"author":[{"embeddable":true,"href":"https:\/\/www.pharca.com\/de\/wp-json\/wp\/v2\/users\/1"}],"replies":[{"embeddable":true,"href":"https:\/\/www.pharca.com\/de\/wp-json\/wp\/v2\/comments?post=1173"}],"version-history":[{"count":14,"href":"https:\/\/www.pharca.com\/de\/wp-json\/wp\/v2\/pages\/1173\/revisions"}],"predecessor-version":[{"id":2480,"href":"https:\/\/www.pharca.com\/de\/wp-json\/wp\/v2\/pages\/1173\/revisions\/2480"}],"up":[{"embeddable":true,"href":"https:\/\/www.pharca.com\/de\/wp-json\/wp\/v2\/pages\/1165"}],"wp:featuredmedia":[{"embeddable":true,"href":"https:\/\/www.pharca.com\/de\/wp-json\/wp\/v2\/media\/628"}],"wp:attachment":[{"href":"https:\/\/www.pharca.com\/de\/wp-json\/wp\/v2\/media?parent=1173"}],"wp:term":[{"taxonomy":"category","embeddable":true,"href":"https:\/\/www.pharca.com\/de\/wp-json\/wp\/v2\/categories?post=1173"},{"taxonomy":"post_tag","embeddable":true,"href":"https:\/\/www.pharca.com\/de\/wp-json\/wp\/v2\/tags?post=1173"}],"curies":[{"name":"wp","href":"https:\/\/api.w.org\/{rel}","templated":true}]}}