{"id":1179,"date":"2023-12-01T11:54:39","date_gmt":"2023-12-01T10:54:39","guid":{"rendered":"https:\/\/www.pharca.com\/mangament-des-lebenszyklus-des-verpackung\/"},"modified":"2026-05-12T11:38:12","modified_gmt":"2026-05-12T09:38:12","slug":"packaging-lifecycle-management-de","status":"publish","type":"page","link":"https:\/\/www.pharca.com\/de\/leistungen\/packaging-lifecycle-management-de\/","title":{"rendered":"Packaging Lifecycle Management"},"content":{"rendered":"\n<div class=\"et_pb_section_0 et_pb_section et_section_regular et_block_section hero-overlapping-background\"><div class=\"et_pb_row_0 et_pb_row et_pb_row_3-4_1-4 et_pb_equal_columns et_block_row et_block_row_3-4_1-4\"><div class=\"et_pb_column_0 et_pb_column et_pb_column_3_4 et_block_column et_pb_css_mix_blend_mode_passthrough\"><div class=\"et_pb_text_0 et_pb_text et_pb_bg_layout_light et_pb_module et_block_module\"><div class=\"et_pb_text_inner\"><h6>Leistungen<\/h6>\n<h1>Packaging Lifecycle Management<\/h1>\n<\/div><\/div><\/div><div class=\"et_pb_column_1 et_pb_column et_pb_column_1_4 et-last-child et_block_column et_pb_column_empty et_pb_css_mix_blend_mode_passthrough\"><\/div><\/div><\/div><div class=\"et_pb_section_1 et_pb_section et_section_regular et_block_section\"><div class=\"et_pb_row_1 et_pb_row et_block_row\"><div class=\"et_pb_column_2 et_pb_column et_pb_column_1_2 et_block_column et_pb_css_mix_blend_mode_passthrough\"><div class=\"et_pb_text_1 et_pb_text et_pb_bg_layout_light et_pb_module et_block_module\"><div class=\"et_pb_text_inner\"><h2>Exzellenz erhalten:<br \/>\nDie Kunst des Verpackungslebenszyklus<br \/>\n<\/h2>\n<\/div><\/div><div class=\"et_pb_text_2 et_pb_text et_pb_bg_layout_light et_pb_module et_block_module\"><div class=\"et_pb_text_inner\"><p style=\"text-align: left;\"><a href=\"#content\" class=\"btn-link\">mehr erfahren<\/a><\/p>\n<\/div><\/div><\/div><div class=\"et_pb_column_3 et_pb_column et_pb_column_1_2 et-last-child et_block_column et_pb_css_mix_blend_mode_passthrough\"><div class=\"et_pb_text_3 et_pb_text et_pb_bg_layout_light et_pb_module et_block_module\"><div class=\"et_pb_text_inner\"><p>Begeben Sie sich auf eine Reise durch den Lebenszyklus Ihrer Verpackung. Jede Phase bietet die M\u00f6glichkeit, das Design zu optimieren, die Kosten zu senken, die Effizienz zu steigern und die Nachhaltigkeit zu verbessern. Stellen Sie sicher, dass Effizienz, Konformit\u00e4t und reduzierte Umweltauswirkungen in jeder Phase gew\u00e4hrleistet sind.<\/p>\n<\/div><\/div><\/div><\/div><div class=\"et_pb_row_2 et_pb_row et_block_row\"><div class=\"et_pb_column_4 et_pb_column et_pb_column_4_4 et-last-child et_block_column et_pb_css_mix_blend_mode_passthrough\"><div aria-label=\"Zwei Personen im Gespr\u00e4ch, eine zeigt ein kleines, gr\u00fcnes Kunststoffteil in der Hand, beide tragen pharca-Shirts\"  class=\"et_pb_code_0 et_pb_code et_pb_module\"><\/div><\/div><\/div><\/div><div class=\"et_pb_section_2 et_pb_section et_section_regular et_block_section\" id=\"content\"><div class=\"et_pb_row_3 et_pb_row et_block_row\"><div class=\"et_pb_column_5 et_pb_column et_pb_column_1_3 et_block_column et_pb_css_mix_blend_mode_passthrough\"><div class=\"et_pb_text_4 et_pb_text et_pb_bg_layout_light et_pb_module et_block_module\"><div class=\"et_pb_text_inner\"><h3>Due Diligence support<\/h3>\n<p>Im Rahmen der Due Diligence pr\u00fcft Pharca Verpackungssysteme und -prozesse auf Konformit\u00e4t und Leistungsf\u00e4higkeit, um eine fundierte Bewertung und Risikominimierung f\u00fcr unsere Kunden zu gew\u00e4hrleisten.<\/p>\n<\/div><\/div><\/div><div class=\"et_pb_column_6 et_pb_column et_pb_column_1_3 et_block_column et_pb_css_mix_blend_mode_passthrough\"><div class=\"et_pb_text_5 et_pb_text et_pb_bg_layout_light et_pb_module et_block_module\"><div class=\"et_pb_text_inner\"><h3>GAP-Analyse vorhandener Verpackungsdokumentation<\/h3>\n<p>Wir analysieren Ihre bestehende Verpackungsdokumentation und vorhandene Testergebnisse und erstellen eine detaillierte GAP-Analyse. Diese zeigt auf, welche L\u00fccken bestehen und wie diese effizient geschlossen werden k\u00f6nnen damit ihre Verpackung neueste regulatorische Anforderung erf\u00fcllt.<\/p>\n<\/div><\/div><\/div><div class=\"et_pb_column_7 et_pb_column et_pb_column_1_3 et-last-child et_block_column et_pb_css_mix_blend_mode_passthrough\"><div class=\"et_pb_text_6 et_pb_text et_pb_bg_layout_light et_pb_module et_block_module\"><div class=\"et_pb_text_inner\"><h3>Verpackungsspezifikationen und technische Zeichnungen<\/h3>\n<p style=\"margin: 0cm;\">Wenn die vorhandenen Unterlagen nicht ausreichen, erstellen wir neue Verpackungsspezifikationen, optimieren bestehende, erg\u00e4nzen technische Zeichnungen und verbessern die Dokumentation. Unser Ansatz gew\u00e4hrleistet die Vollst\u00e4ndigkeit und Aktualit\u00e4t aller Verpackungsanforderungen.<o:p><\/o:p><\/p>\n<p style=\"margin: 0cm;\">\u00a0<o:p><\/o:p><\/p>\n<\/div><\/div><\/div><\/div><div class=\"et_pb_row_4 et_pb_row et_block_row\"><div class=\"et_pb_column_8 et_pb_column et_pb_column_1_3 et_block_column et_pb_css_mix_blend_mode_passthrough\"><div class=\"et_pb_text_7 et_pb_text et_pb_bg_layout_light et_pb_module et_block_module\"><div class=\"et_pb_text_inner\"><h3>Komplexit\u00e4t und Vielfalt von Verpackungen reduzieren<\/h3>\n<p>Wir analysieren das Design und die Vielfalt Ihrer bestehenden Verpackungssysteme, entwickeln einen Harmonisierungsplan und unterst\u00fctzen Sie bei der Umsetzung. So reduzieren Sie Vielfalt, Komplexit\u00e4t und Kosten.<\/p>\n<\/div><\/div><\/div><div class=\"et_pb_column_9 et_pb_column et_pb_column_1_3 et_block_column et_pb_css_mix_blend_mode_passthrough\"><div class=\"et_pb_text_8 et_pb_text et_pb_bg_layout_light et_pb_module et_block_module\"><div class=\"et_pb_text_inner\"><h3>Verpackungstransfers<\/h3>\n<p>Sie planen den Transfer eines Verpackungsdesigns an einen anderen Standort oder m\u00f6chten ein bestehendes Design bei sich implementieren? Wir unterst\u00fctzen Sie bei Manufacturing Transfer Aktivit\u00e4ten. Damit der Transfer m\u00f6glichst wenig regulatorische Konsequenzen hat und schnell und effizient umgesetzt werden kann.<\/p>\n<\/div><\/div><\/div><div class=\"et_pb_column_10 et_pb_column et_pb_column_1_3 et-last-child et_block_column et_pb_css_mix_blend_mode_passthrough\"><div class=\"et_pb_text_9 et_pb_text et_pb_bg_layout_light et_pb_module et_block_module\"><div class=\"et_pb_text_inner\"><h3>Elektronische Gebrauchsinformationen<\/h3>\n<p>Der Einsatz elektronischer Gebrauchsinformationen spart Kosten und schont die Umwelt. Wir unterst\u00fctzen Sie dabei, Ihre Produkte E-IFU-f\u00e4hig zu machen und eine gesetzeskonforme Kennzeichnungsstrategie zu entwickeln. <\/p>\n<\/div><\/div><\/div><\/div><\/div><div class=\"et_pb_section_3 et_pb_section et_section_regular et_block_section\"><div class=\"et_pb_row_5 et_pb_row et_block_row\"><div class=\"et_pb_column_11 et_pb_column et_pb_column_4_4 et-last-child et_block_column et_pb_css_mix_blend_mode_passthrough\"><div class=\"et_pb_code_1 et_pb_code et_pb_module\"><div class=\"et_pb_code_inner\"><div id=\"vue-wordpress-app-6282ec47-ab23-40ff-aa98-c62ba054598b\" data-app-url=\"https:\/\/www.pharca.com\" data-fcaptcha-sitekey=\"FCMHA65IB4VEF0DF\" data-lang=\"de\" data-component=\"post-slider\" data-postslider=\"{\n  &quot;postType&quot;: &quot;pages&quot;,\n  &quot;postTag&quot;: [&quot;applications&quot;],\n  &quot;coverSlide&quot;: {\n    &quot;title&quot;: &quot;Healthcare &amp; lifescience applications&quot;,\n    &quot;linkLabel&quot;: &quot;all applications&quot;,\n    &quot;slug&quot;: &quot;\/&quot;\n  },\n  &quot;optionsOverwrite&quot;: {\n    &quot;type&quot;: &quot;slider&quot;,\n    &quot;focusAt&quot;: 0,\n    &quot;breakpoints&quot;: {\n      &quot;1400&quot;: { &quot;perView&quot;: 3 },\n      &quot;1000&quot;: { &quot;perView&quot;: 1, &quot;peek&quot;: 0 }\n    }\n  }\n}\"><\/div><\/div><\/div><\/div><\/div><\/div><div class=\"et_pb_section_4 et_pb_section et_section_regular et_block_section\"><div class=\"et_pb_row_6 et_pb_row et_block_row\"><div class=\"et_pb_column_12 et_pb_column et_pb_column_2_5 et_block_column et_pb_css_mix_blend_mode_passthrough\"><div class=\"et_pb_text_10 et_pb_text et_pb_bg_layout_light et_pb_module et_block_module\"><div class=\"et_pb_text_inner\"><h2>Was unsere Kunden berichten<\/h2>\n<\/div><\/div><\/div><div class=\"et_pb_column_13 et_pb_column et_pb_column_3_5 et-last-child et_block_column et_pb_css_mix_blend_mode_passthrough\"><div class=\"et_pb_text_11 et_pb_text et_pb_bg_layout_light et_pb_module et_block_module\"><div class=\"et_pb_text_inner\"><h5>\"<span>In der Zusammenarbeit mit Herrn Heizmann habe ich vor allem seine Kompetenz, Freundlichkeit und Offenheit gesch\u00e4tzt. Durch sein vorausschauendes Planen und l\u00f6sungsorientiertes Handeln trug er ma\u00dfgeblich zur fristgerechten Einf\u00fchrung von f\u00e4lschungssicheren Verpackungen bei.<\/span>\"<\/h5>\n<\/div><\/div><div class=\"et_pb_text_12 et_pb_text et_pb_bg_layout_light et_pb_module et_block_module\"><div class=\"et_pb_text_inner\"><p><strong>Beate Hub <\/strong>| <span>Leiterin der Abteilung Regulatory Operations \/ Business Demand Partner<\/span><\/p>\n<\/div><\/div><div aria-label=\"Dr. Falk Logo\"  class=\"et_pb_image_0 et_pb_image et_pb_module et_block_module\"><span class=\"et_pb_image_wrap\"><img decoding=\"async\" src=\"https:\/\/pharca-19a5a.kxcdn.com\/wp-content\/uploads\/2023\/12\/logo_dr-falk-pharma.svg\" title=\"logo_dr-falk-pharma\" \/><\/span><\/div><div class=\"et_pb_text_13 et_pb_text et_pb_bg_layout_light et_pb_module et_block_module\"><div class=\"et_pb_text_inner\"><h5><span>\"Ich m\u00f6chte unsere Zufriedenheit mit den Dienstleistungen der Pharca GmbH zum Ausdruck bringen. In den letzten Jahren hat Pharca uns in Sustaining Packaging Engineering prozessen durch die Entwicklung von Software-Tools zur Vereinfachung des Verpackungsmanagements effektiv unterst\u00fctzt. Die kompetente Unterst\u00fctzung von Pharca bei der Beantwortung von Notified Body Deficiency Lettern und bei verschiedenen \u00c4nderungen an unseren Verpackungen war f\u00fcr uns sehr wertvoll. Die Zusammenarbeit war stets professionell und effizient.\"<\/span><\/h5>\n<\/div><\/div><div class=\"et_pb_text_14 et_pb_text et_pb_bg_layout_light et_pb_module et_block_module\"><div class=\"et_pb_text_inner\"><p><strong><span>Roland Niklaus<\/span> <\/strong>| <span>Manager R&amp;D, Packaging Supply<\/span><\/p>\n<\/div><\/div><div aria-label=\"Stryker Logo\"  class=\"et_pb_image_1 et_pb_image et_pb_module et_block_module\"><span class=\"et_pb_image_wrap\"><img decoding=\"async\" src=\"https:\/\/pharca-19a5a.kxcdn.com\/wp-content\/uploads\/2023\/12\/logo_stryker.svg\" title=\"logo_stryker\" \/><\/span><\/div><\/div><\/div><\/div><div class=\"et_pb_section_5 et_pb_section et_section_regular et_block_section\"><div class=\"et_pb_row_7 et_pb_row et_pb_equal_columns et_block_row\"><div class=\"et_pb_column_14 et_pb_column et_pb_column_2_5 et_block_column et_pb_css_mix_blend_mode_passthrough\"><div class=\"et_pb_text_15 et_pb_text et_pb_bg_layout_light et_pb_module et_block_module\"><div class=\"et_pb_text_inner\"><h2>Lernen Sie unseren Accelerated Aging Calculator kennen<\/h2>\n<\/div><\/div><div class=\"et_pb_text_16 et_pb_text et_pb_bg_layout_light et_pb_module et_block_module\"><div class=\"et_pb_text_inner\"><p style=\"text-align: left;\"><a href=\"https:\/\/www.pharca.com\/de\/rechner-beschleunigte-alterung\/\" class=\"btn-link\">zum Rechner<\/a><\/p>\n<\/div><\/div><\/div><div class=\"et_pb_column_15 et_pb_column et_pb_column_3_5 et-last-child et_block_column et_pb_css_mix_blend_mode_passthrough\"><div aria-label=\"Screenshot des pharca Accelerated Aging Calculators mit eingegebenen Werten zur Berechnung der Produktlebensdauer\"  class=\"et_pb_code_2 et_pb_code et_pb_module\"><\/div><\/div><\/div><\/div><div class=\"et_pb_section_6 et_pb_section et_section_regular et_block_section\"><div class=\"et_pb_row_8 et_pb_row et_block_row\"><div class=\"et_pb_column_16 et_pb_column et_pb_column_4_4 et-last-child et_block_column et_pb_css_mix_blend_mode_passthrough\"><div class=\"et_pb_text_17 et_pb_text et_pb_bg_layout_light et_pb_module et_block_module\"><div class=\"et_pb_text_inner\"><div style=\"display: flex; justify-content: space-between; flex-wrap: wrap; align-items: center;\">\n<h3>H\u00e4ufige Fragen<\/h3>\n<p><a href=\"https:\/\/www.pharca.com\/de\/faq-uebersicht\/\" class=\"btn-link color-dark\">all FAQ's<\/a><\/p>\n<\/div>\n<\/div><\/div><div class=\"et_pb_code_3 et_pb_code et_pb_module\"><div class=\"et_pb_code_inner\"><div id=\"vue-wordpress-app-856d37bf-fd55-4c2e-9141-c18262c7f72b\" data-app-url=\"https:\/\/www.pharca.com\" data-fcaptcha-sitekey=\"FCMHA65IB4VEF0DF\" data-lang=\"de\" data-component=\"faq-row\" data-faqrow=\"{\n&quot;activeCategories&quot;:[&quot;packaging-lifecycle-management&quot;]\n}\"><\/div><\/div><\/div><\/div><\/div><\/div><div class=\"et_pb_section_7 et_pb_section et_section_regular et_block_section\"><div class=\"et_pb_row_9 et_pb_row et_pb_equal_columns et_pb_gutters1 et_block_row\"><div class=\"et_pb_column_17 et_pb_column et_pb_column_1_2 et_block_column et_pb_css_mix_blend_mode_passthrough\"><div class=\"et_pb_text_18 et_pb_text et_pb_bg_layout_light et_pb_module et_block_module\"><div class=\"et_pb_text_inner\"><h2 style=\"color: #40c1ac;\">Fachkundige Beratung ma\u00dfgeschneidert auf Ihre Verpackungsbed\u00fcrfnisse.<\/h2>\n<\/div><\/div><div class=\"et_pb_text_19 et_pb_text et_pb_bg_layout_light et_pb_module et_block_module\"><div class=\"et_pb_text_inner\"><p style=\"text-align: left;\"><a href=\"https:\/\/www.pharca.com\/de\/kontakt\/\" class=\"btn-link \">Kontakt aufnehmen<\/a><\/p>\n<\/div><\/div><\/div><div class=\"et_pb_column_18 et_pb_column et_pb_column_1_2 et-last-child et_block_column et_pb_css_mix_blend_mode_passthrough\"><div class=\"et_pb_code_4 et_pb_code et_pb_module\"><div class=\"et_pb_code_inner\"><div id=\"vue-wordpress-app-1239571e-f79c-4164-b6de-1c8fff8fdb7b\" data-app-url=\"https:\/\/www.pharca.com\" data-fcaptcha-sitekey=\"FCMHA65IB4VEF0DF\" data-component=\"contact-section\" data-lang=\"de\"><\/div><\/div><\/div><\/div><\/div><\/div>\n","protected":false},"excerpt":{"rendered":"","protected":false},"author":1,"featured_media":635,"parent":1165,"menu_order":0,"comment_status":"closed","ping_status":"closed","template":"","meta":{"_acf_changed":false,"inline_featured_image":false,"footnotes":""},"categories":[],"tags":[],"class_list":["post-1179","page","type-page","status-publish","has-post-thumbnail","hentry"],"acf":[],"tag_names":[],"category_names":[],"thumbnail":"https:\/\/pharca-19a5a.kxcdn.com\/wp-content\/uploads\/2023\/12\/kopfmedia_pharca_2000px-54.webp","_links":{"self":[{"href":"https:\/\/www.pharca.com\/de\/wp-json\/wp\/v2\/pages\/1179","targetHints":{"allow":["GET"]}}],"collection":[{"href":"https:\/\/www.pharca.com\/de\/wp-json\/wp\/v2\/pages"}],"about":[{"href":"https:\/\/www.pharca.com\/de\/wp-json\/wp\/v2\/types\/page"}],"author":[{"embeddable":true,"href":"https:\/\/www.pharca.com\/de\/wp-json\/wp\/v2\/users\/1"}],"replies":[{"embeddable":true,"href":"https:\/\/www.pharca.com\/de\/wp-json\/wp\/v2\/comments?post=1179"}],"version-history":[{"count":20,"href":"https:\/\/www.pharca.com\/de\/wp-json\/wp\/v2\/pages\/1179\/revisions"}],"predecessor-version":[{"id":2741,"href":"https:\/\/www.pharca.com\/de\/wp-json\/wp\/v2\/pages\/1179\/revisions\/2741"}],"up":[{"embeddable":true,"href":"https:\/\/www.pharca.com\/de\/wp-json\/wp\/v2\/pages\/1165"}],"wp:featuredmedia":[{"embeddable":true,"href":"https:\/\/www.pharca.com\/de\/wp-json\/wp\/v2\/media\/635"}],"wp:attachment":[{"href":"https:\/\/www.pharca.com\/de\/wp-json\/wp\/v2\/media?parent=1179"}],"wp:term":[{"taxonomy":"category","embeddable":true,"href":"https:\/\/www.pharca.com\/de\/wp-json\/wp\/v2\/categories?post=1179"},{"taxonomy":"post_tag","embeddable":true,"href":"https:\/\/www.pharca.com\/de\/wp-json\/wp\/v2\/tags?post=1179"}],"curies":[{"name":"wp","href":"https:\/\/api.w.org\/{rel}","templated":true}]}}