{"id":1297,"date":"2023-10-10T17:15:28","date_gmt":"2023-10-10T15:15:28","guid":{"rendered":"https:\/\/www.pharca.com\/rechner-beschleunigte-alterung\/"},"modified":"2025-05-21T15:35:50","modified_gmt":"2025-05-21T13:35:50","slug":"rechner-beschleunigte-alterung","status":"publish","type":"page","link":"https:\/\/www.pharca.com\/de\/rechner-beschleunigte-alterung\/","title":{"rendered":"Rechner &#8211; beschleunigte Alterung"},"content":{"rendered":"<p>[et_pb_section fb_built=&#8221;1&#8243; _builder_version=&#8221;4.22.2&#8243; _module_preset=&#8221;default&#8221; global_colors_info=&#8221;{}&#8221;][et_pb_row _builder_version=&#8221;4.22.2&#8243; _module_preset=&#8221;default&#8221; global_colors_info=&#8221;{}&#8221;][et_pb_column type=&#8221;4_4&#8243; _builder_version=&#8221;4.22.2&#8243; _module_preset=&#8221;default&#8221; global_colors_info=&#8221;{}&#8221;][et_pb_text _builder_version=&#8221;4.22.2&#8243; _module_preset=&#8221;default&#8221; header_text_color=&#8221;gcid-78e316dc-3ec4-449b-ab5e-4342817d2b26&#8243; custom_margin=&#8221;100px||||false|false&#8221; global_colors_info=&#8221;{%22gcid-78e316dc-3ec4-449b-ab5e-4342817d2b26%22:%91%22header_text_color%22%93}&#8221;]<\/p>\n<h1>Rechner &#8211; beschleunigte Alterung<\/h1>\n<p>[\/et_pb_text][\/et_pb_column][\/et_pb_row][\/et_pb_section][et_pb_section fb_built=&#8221;1&#8243; _builder_version=&#8221;4.22.2&#8243; _module_preset=&#8221;default&#8221; global_colors_info=&#8221;{}&#8221;][et_pb_row column_structure=&#8221;1_4,3_4&#8243; _builder_version=&#8221;4.22.2&#8243; _module_preset=&#8221;default&#8221; global_colors_info=&#8221;{}&#8221;][et_pb_column type=&#8221;1_4&#8243; _builder_version=&#8221;4.22.2&#8243; _module_preset=&#8221;default&#8221; global_colors_info=&#8221;{}&#8221;][et_pb_text _builder_version=&#8221;4.22.2&#8243; _module_preset=&#8221;default&#8221; header_3_text_color=&#8221;gcid-78e316dc-3ec4-449b-ab5e-4342817d2b26&#8243; global_colors_info=&#8221;{%22gcid-78e316dc-3ec4-449b-ab5e-4342817d2b26%22:%91%22header_3_text_color%22%93}&#8221;]<\/p>\n<h3>Entdecken Sie die Langlebigkeit von Produkten<\/h3>\n<p>[\/et_pb_text][\/et_pb_column][et_pb_column type=&#8221;3_4&#8243; _builder_version=&#8221;4.22.2&#8243; _module_preset=&#8221;default&#8221; global_colors_info=&#8221;{}&#8221;][et_pb_code _builder_version=&#8221;4.27.4&#8243; _module_preset=&#8221;default&#8221; global_colors_info=&#8221;{}&#8221;]<pee><div id=\"vue-wordpress-app-fedb4f14-a34f-4028-af53-192f25aa6481\" data-app-url=\"https:\/\/www.pharca.com\" data-fcaptcha-sitekey=\"FCMHA65IB4VEF0DF\" data-component=\"accelerated-aging-calculator\" data-lang=\"de\" data-acceleratedagingcalculator=\"{&quot;digits&quot;:2}\"><\/div><\/pee>[\/et_pb_code][\/et_pb_column][\/et_pb_row][\/et_pb_section][et_pb_section fb_built=&#8221;1&#8243; _builder_version=&#8221;4.22.2&#8243; _module_preset=&#8221;default&#8221; global_colors_info=&#8221;{}&#8221;][et_pb_row column_structure=&#8221;1_4,3_4&#8243; _builder_version=&#8221;4.22.2&#8243; _module_preset=&#8221;default&#8221; global_colors_info=&#8221;{}&#8221;][et_pb_column type=&#8221;1_4&#8243; _builder_version=&#8221;4.22.2&#8243; _module_preset=&#8221;default&#8221; global_colors_info=&#8221;{}&#8221;][et_pb_text _builder_version=&#8221;4.22.2&#8243; _module_preset=&#8221;default&#8221; header_3_text_color=&#8221;gcid-78e316dc-3ec4-449b-ab5e-4342817d2b26&#8243; global_colors_info=&#8221;{%22gcid-78e316dc-3ec4-449b-ab5e-4342817d2b26%22:%91%22header_3_text_color%22%93}&#8221;]<\/p>\n<h3>Anweisungen<\/h3>\n<p>[\/et_pb_text][\/et_pb_column][et_pb_column type=&#8221;3_4&#8243; _builder_version=&#8221;4.22.2&#8243; _module_preset=&#8221;default&#8221; global_colors_info=&#8221;{}&#8221;][et_pb_text _builder_version=&#8221;4.22.2&#8243; _module_preset=&#8221;default&#8221; global_colors_info=&#8221;{}&#8221;]<\/p>\n<ol>\n<li>Geben Sie die gew\u00fcnschte Haltbarkeitsdauer ein. W\u00e4hlen Sie zwischen Tagen, Monaten oder Jahren.<\/li>\n<li>Geben Sie Ihre bevorzugten TAA &amp; TRT-Werte ein.<\/li>\n<li>Der Q10-Wert ist einstellbar, aber die Standardeinstellung ist Q10=2,0. Wir empfehlen, diesen Wert als Konstante beizubehalten.<\/li>\n<li>Der Faktor f\u00fcr die beschleunigte Alterung wird automatisch berechnet und zu Ihrer Information angezeigt..<\/li>\n<li>Die Konditionierungszeit der Kammer (in Tagen) wird ermittelt und automatisch auf den n\u00e4chsten vollen Tag aufgerundet.<\/li>\n<\/ol>\n<p>[\/et_pb_text][\/et_pb_column][\/et_pb_row][\/et_pb_section][et_pb_section fb_built=&#8221;1&#8243; custom_padding_last_edited=&#8221;on|phone&#8221; _builder_version=&#8221;4.24.2&#8243; _module_preset=&#8221;default&#8221; custom_padding_tablet=&#8221;&#8221; custom_padding_phone=&#8221;0px||0px||false|false&#8221; locked=&#8221;off&#8221; global_colors_info=&#8221;{}&#8221;][et_pb_row column_structure=&#8221;1_2,1_2&#8243; use_custom_gutter=&#8221;on&#8221; gutter_width=&#8221;1&#8243; make_equal=&#8221;on&#8221; _builder_version=&#8221;4.22.2&#8243; _module_preset=&#8221;default&#8221; custom_margin=&#8221;50px||50px||true|false&#8221; global_colors_info=&#8221;{}&#8221;][et_pb_column type=&#8221;1_2&#8243; _builder_version=&#8221;4.22.2&#8243; _module_preset=&#8221;default&#8221; custom_padding=&#8221;20px||20px||true|false&#8221; global_colors_info=&#8221;{}&#8221;][et_pb_text _builder_version=&#8221;4.27.4&#8243; _module_preset=&#8221;default&#8221; text_text_color=&#8221;#40c1ac&#8221; header_2_text_color=&#8221;gcid-78e316dc-3ec4-449b-ab5e-4342817d2b26&#8243; width=&#8221;90%&#8221; custom_margin=&#8221;||10px||false|false&#8221; global_colors_info=&#8221;{%22gcid-78e316dc-3ec4-449b-ab5e-4342817d2b26%22:%91%22header_2_text_color%22%93}&#8221;]<\/p>\n<h2 style=\"color: #40c1ac;\">Fachkundige Beratung ma\u00dfgeschneidert auf Ihre Verpackungsbed\u00fcrfnisse.<\/h2>\n<p>[\/et_pb_text][et_pb_text _builder_version=&#8221;4.23.1&#8243; _module_preset=&#8221;default&#8221; min_height=&#8221;13.8px&#8221; global_colors_info=&#8221;{}&#8221;]<\/p>\n<p style=\"text-align: left;\"><a href=\"https:\/\/www.pharca.com\/de\/kontakt\/\" class=\"btn-link \">Kontakt aufnehmen<\/a><\/p>\n<p>[\/et_pb_text][\/et_pb_column][et_pb_column type=&#8221;1_2&#8243; _builder_version=&#8221;4.22.2&#8243; _module_preset=&#8221;default&#8221; custom_padding=&#8221;20px||20px||true|false&#8221; global_colors_info=&#8221;{}&#8221;][et_pb_code _builder_version=&#8221;4.27.4&#8243; _module_preset=&#8221;default&#8221; hover_enabled=&#8221;0&#8243; locked=&#8221;off&#8221; global_colors_info=&#8221;{}&#8221; dvmd_acat_aria_label=&#8221;Christian Heizmann, CEO &#038; Founder, und Maximilian Br\u00fcckmann, Senior Consultant bei pharca&#8221; sticky_enabled=&#8221;0&#8243;]<div id=\"vue-wordpress-app-7677df4b-5b7d-4ff4-a98f-ba0a067dd19e\" data-app-url=\"https:\/\/www.pharca.com\" data-fcaptcha-sitekey=\"FCMHA65IB4VEF0DF\" data-component=\"contact-section\" data-lang=\"de\"><\/div>[\/et_pb_code][\/et_pb_column][\/et_pb_row][\/et_pb_section][et_pb_section fb_built=&#8221;1&#8243; _builder_version=&#8221;4.22.2&#8243; _module_preset=&#8221;default&#8221; global_colors_info=&#8221;{}&#8221;][et_pb_row column_structure=&#8221;1_3,1_3,1_3&#8243; _builder_version=&#8221;4.22.2&#8243; _module_preset=&#8221;default&#8221; global_colors_info=&#8221;{}&#8221;][et_pb_column type=&#8221;1_3&#8243; _builder_version=&#8221;4.22.2&#8243; _module_preset=&#8221;default&#8221; global_colors_info=&#8221;{}&#8221;][et_pb_text _builder_version=&#8221;4.23.1&#8243; _module_preset=&#8221;default&#8221; global_colors_info=&#8221;{}&#8221;]<\/p>\n<h3>\u00dcberblick \u00fcber den Accelerated Aging Calculator<\/h3>\n<p>Ein Accelerated Aging Calculator ist ein n\u00fctzliches Tool, um die Haltbarkeit von medizinischen Produkten oder Verpackungen zu bestimmen. Mit diesem Tool k\u00f6nnen Sie die Auswirkungen von Zeit und Temperatur auf die Qualit\u00e4t und Sicherheit Ihrer Produkte simulieren, ohne lange auf die Ergebnisse in Echtzeit warten zu m\u00fcssen. Dies kann Ihnen helfen, die optimalen Lagerbedingungen und das Verfallsdatum Ihrer Produkte festzulegen.<\/p>\n<p>[\/et_pb_text][\/et_pb_column][et_pb_column type=&#8221;1_3&#8243; _builder_version=&#8221;4.22.2&#8243; _module_preset=&#8221;default&#8221; global_colors_info=&#8221;{}&#8221;][et_pb_text _builder_version=&#8221;4.23.1&#8243; _module_preset=&#8221;default&#8221; global_colors_info=&#8221;{}&#8221;]<\/p>\n<h3> Nutzung des Accelerated Aging Calculators<\/h3>\n<p>Um den Accelerated Aging Calculator zu verwenden, m\u00fcssen Sie einige Parameter eingeben, die die Beschaffenheit und die Lagerung Ihres Produkts beschreiben. Diese sind die gew\u00fcnschte Haltbarkeit, die Beschleunigte Alterungstemperatur, die Umgebungstemperatur und der Alterungsfaktor. Nachdem Sie diese Parameter eingegeben haben, klicken Sie auf Berechnen, um die Beschleunigte Alterungszeit zu erhalten.<\/p>\n<p>[\/et_pb_text][\/et_pb_column][et_pb_column type=&#8221;1_3&#8243; _builder_version=&#8221;4.22.2&#8243; _module_preset=&#8221;default&#8221; global_colors_info=&#8221;{}&#8221;][et_pb_text _builder_version=&#8221;4.23.1&#8243; _module_preset=&#8221;default&#8221; global_colors_info=&#8221;{}&#8221;]<\/p>\n<h3>Verst\u00e4ndnis der Beschleunigten Alterungszeit<\/h3>\n<p>Die Beschleunigte Alterungszeit ist die Zeit, die Sie ben\u00f6tigen, um Ihr Produkt in einer Klimakammer zu konditionieren, um die gew\u00fcnschte Haltbarkeit zu simulieren. Die Beschleunigte Alterungszeit wird in Tagen angegeben und wird typischerweise auf den n\u00e4chsten vollen Tag aufgerundet. Die Beschleunigte Alterungszeit ist abh\u00e4ngig von der Beschleunigten Alterungstemperatur, der Umgebungstemperatur und dem Alterungsfaktor.<\/p>\n<p>[\/et_pb_text][\/et_pb_column][\/et_pb_row][et_pb_row column_structure=&#8221;1_3,1_3,1_3&#8243; _builder_version=&#8221;4.22.2&#8243; _module_preset=&#8221;default&#8221; global_colors_info=&#8221;{}&#8221;][et_pb_column type=&#8221;1_3&#8243; _builder_version=&#8221;4.22.2&#8243; _module_preset=&#8221;default&#8221; global_colors_info=&#8221;{}&#8221;][et_pb_text _builder_version=&#8221;4.23.1&#8243; _module_preset=&#8221;default&#8221; global_colors_info=&#8221;{}&#8221;]<\/p>\n<h3> Die Rolle der Beschleunigten Alterungstemperatur<\/h3>\n<p>Die Beschleunigte Alterungstemperatur ist die Temperatur, der Sie Ihr Produkt aussetzen m\u00f6chten, um die Haltbarkeit zu beschleunigen. Typische Werte sind 50\u00b0C, 55\u00b0C und 60\u00b0C. Werte \u00fcber 60\u00b0C werden nicht empfohlen, da sie die Eigenschaften des Produkts ver\u00e4ndern k\u00f6nnen. Die Beschleunigte Alterungstemperatur beeinflusst die Reaktionsgeschwindigkeit, mit der Ihr Produkt altert.\n<\/p>\n<p>[\/et_pb_text][\/et_pb_column][et_pb_column type=&#8221;1_3&#8243; _builder_version=&#8221;4.22.2&#8243; _module_preset=&#8221;default&#8221; global_colors_info=&#8221;{}&#8221;][et_pb_text _builder_version=&#8221;4.23.1&#8243; _module_preset=&#8221;default&#8221; global_colors_info=&#8221;{}&#8221;]<\/p>\n<h3>Bedeutung der Umgebungstemperatur<\/h3>\n<p>Die Umgebungstemperatur ist die Temperatur, bei der Sie Ihr Produkt normalerweise lagern m\u00f6chten. Typische Werte liegen zwischen 20\u00b0C und 25\u00b0C. Ein Wert von 25\u00b0C ist ein konservativerer Ansatz, der eine l\u00e4ngere Haltbarkeit garantiert. Die Umgebungstemperatur beeinflusst die Reaktionsgeschwindigkeit, mit der Ihr Produkt in Echtzeit altert.<\/p>\n<p>[\/et_pb_text][\/et_pb_column][et_pb_column type=&#8221;1_3&#8243; _builder_version=&#8221;4.22.2&#8243; _module_preset=&#8221;default&#8221; global_colors_info=&#8221;{}&#8221;][et_pb_text _builder_version=&#8221;4.23.1&#8243; _module_preset=&#8221;default&#8221; global_colors_info=&#8221;{}&#8221;]<\/p>\n<h3> Die Wichtigkeit des Alterungsfaktors<\/h3>\n<p>Der Alterungsfaktor ist das Verh\u00e4ltnis der Reaktionsgeschwindigkeit bei einer Temperaturerh\u00f6hung von 10\u00b0C. Konservative Werte liegen zwischen 1,8 und 2,5, wobei 2,0 der am h\u00e4ufigsten verwendete Wert ist. Der Alterungsfaktor basiert auf der Arrhenius-Gleichung, die besagt, dass eine Erh\u00f6hung der Temperatur um 10\u00b0C die Reaktionsgeschwindigkeit verdoppelt. Der Alterungsfaktor ist ein wichtiger Parameter, um die Beschleunigte Alterungszeit zu berechnen.<\/p>\n<p>[\/et_pb_text][\/et_pb_column][\/et_pb_row][\/et_pb_section][et_pb_section fb_built=&#8221;1&#8243; _builder_version=&#8221;4.22.2&#8243; _module_preset=&#8221;default&#8221; locked=&#8221;off&#8221; global_colors_info=&#8221;{}&#8221;][et_pb_row _builder_version=&#8221;4.22.2&#8243; _module_preset=&#8221;default&#8221; global_colors_info=&#8221;{}&#8221;][et_pb_column type=&#8221;4_4&#8243; _builder_version=&#8221;4.22.2&#8243; _module_preset=&#8221;default&#8221; global_colors_info=&#8221;{}&#8221;][et_pb_text _builder_version=&#8221;4.25.2&#8243; _module_preset=&#8221;default&#8221; global_colors_info=&#8221;{}&#8221;]<\/p>\n<div style=\"display: flex; justify-content: space-between; flex-wrap: wrap; align-items: center;\">\n<h3>Meist gestellte Fragen<\/h3>\n<p style=\"text-align: left;\"><a href=\"https:\/\/www.pharca.com\/de\/faq-uebersicht\/\" class=\"btn-link color-dark\">alle FAQ<\/a><\/p>\n<\/div>\n<p>[\/et_pb_text][et_pb_code admin_label=&#8221;Code&#8221; _builder_version=&#8221;4.23.1&#8243; _module_preset=&#8221;default&#8221; global_colors_info=&#8221;{}&#8221;]<div id=\"vue-wordpress-app-48a8803a-81dc-4073-91cf-1bacee11f7ea\" data-app-url=\"https:\/\/www.pharca.com\" data-fcaptcha-sitekey=\"FCMHA65IB4VEF0DF\" data-lang=\"de\" data-component=\"&#8221;faq-row&#8221;\" data-0=\"\" data-1=\"&#091;et_pb_line_break_holder&#093;\" data-2=\"\" data-3=\"&#091;et_pb_line_break_holder&#093;\" data-4=\"--&gt;}&#8217;\"><\/div>[\/et_pb_code][\/et_pb_column][\/et_pb_row][\/et_pb_section][et_pb_section fb_built=&#8221;1&#8243; _builder_version=&#8221;4.23.1&#8243; _module_preset=&#8221;default&#8221; global_colors_info=&#8221;{}&#8221;][et_pb_row _builder_version=&#8221;4.23.1&#8243; _module_preset=&#8221;default&#8221; width=&#8221;100%&#8221; global_colors_info=&#8221;{}&#8221;][et_pb_column type=&#8221;4_4&#8243; _builder_version=&#8221;4.23.1&#8243; _module_preset=&#8221;default&#8221; global_colors_info=&#8221;{}&#8221;][et_pb_code _builder_version=&#8221;4.23.1&#8243; _module_preset=&#8221;default&#8221; global_colors_info=&#8221;{}&#8221;]<div id=\"vue-wordpress-app-07b7d902-63c2-4106-85ab-939c241496da\" data-app-url=\"https:\/\/www.pharca.com\" data-fcaptcha-sitekey=\"FCMHA65IB4VEF0DF\" data-0=\"\" data-1=\"&#091;et_pb_line_break_holder&#093;\" data-2=\"\" data-3=\"&#091;et_pb_line_break_holder&#093;\" data-4=\"\" data-5=\"&#091;et_pb_line_break_holder&#093;\" data-6=\"\" data-7=\"&#091;et_pb_line_break_holder&#093;\" data-8=\"--&gt;\" data-9=\"&#8220;postType&#8221;:\" data-10=\"\" data-11=\"&#091;et_pb_line_break_holder&#093;\" data-12=\"--&gt;\" data-13=\"&#8220;postTag&#8221;:\" data-14=\"\" data-15=\"&#091;et_pb_line_break_holder&#093;\" data-16=\"--&gt;\" data-17=\"&#8220;coverSlide&#8221;:\" data-18=\"\" data-19=\"&#091;et_pb_line_break_holder&#093;\" data-20=\"--&gt;\" data-21=\"&#8220;title&#8221;:\" data-22=\"&#8220;Healthcare\" data-23=\"&#038;\" data-24=\"lifescience\" data-25=\"\" data-26=\"&#091;et_pb_line_break_holder&#093;\" data-27=\"--&gt;\" data-28=\"&#8220;linkLabel&#8221;:\" data-29=\"&#8220;all\" data-30=\"\" data-31=\"&#091;et_pb_line_break_holder&#093;\" data-32=\"--&gt;\" data-33=\"&#8220;slug&#8221;:\" data-34=\"\" data-35=\"&#091;et_pb_line_break_holder&#093;\" data-36=\"--&gt;\" data-37=\"\" data-38=\"&#091;et_pb_line_break_holder&#093;\" data-39=\"--&gt;\" data-40=\"&#8220;optionsOverwrite&#8221;:\" data-41=\"\" data-42=\"&#091;et_pb_line_break_holder&#093;\" data-43=\"--&gt;\" data-44=\"&#8220;type&#8221;:\" data-45=\"\" data-46=\"&#091;et_pb_line_break_holder&#093;\" data-47=\"--&gt;\" data-48=\"&#8220;focusAt&#8221;:\" data-49=\"\" data-50=\"&#091;et_pb_line_break_holder&#093;\" data-51=\"--&gt;\" data-52=\"&#8220;breakpoints&#8221;:\" data-53=\"\" data-54=\"&#091;et_pb_line_break_holder&#093;\" data-55=\"--&gt;\" data-56=\"&#8220;1400&#8221;:\" data-57=\"{\" data-58=\"&#8220;perView&#8221;:\" data-59=\"3\" data-60=\"\" data-61=\"&#091;et_pb_line_break_holder&#093;\" data-62=\"--&gt;\" data-63=\"&#8220;1000&#8221;:\" data-64=\"{\" data-65=\"&#8220;perView&#8221;:\" data-66=\"1,\" data-67=\"&#8220;peek&#8221;:\" data-68=\"0\" data-69=\"\" data-70=\"&#091;et_pb_line_break_holder&#093;\" data-71=\"--&gt;\" data-72=\"\" data-73=\"&#091;et_pb_line_break_holder&#093;\" data-74=\"--&gt;\" data-75=\"\" data-76=\"&#091;et_pb_line_break_holder&#093;\" data-77=\"--&gt;}&#8217;\"><\/div>[\/et_pb_code][\/et_pb_column][\/et_pb_row][\/et_pb_section]<\/p>\n","protected":false},"excerpt":{"rendered":"<p>Rechner &#8211; beschleunigte AlterungEntdecken Sie die Langlebigkeit von Produkten<div id=\"vue-wordpress-app-39325c11-606c-4dad-ad75-c63d46815d2b\" data-app-url=\"https:\/\/www.pharca.com\" data-fcaptcha-sitekey=\"FCMHA65IB4VEF0DF\" data-component=\"accelerated-aging-calculator\" data-lang=\"de\" data-acceleratedagingcalculator=\"{&quot;digits&quot;:2}\"><\/div>Anweisungen Geben Sie die gew\u00fcnschte Haltbarkeitsdauer ein. W\u00e4hlen Sie zwischen Tagen, Monaten oder Jahren. Geben Sie Ihre bevorzugten TAA &amp; TRT-Werte ein. Der Q10-Wert ist einstellbar, aber die Standardeinstellung ist Q10=2,0. Wir empfehlen, diesen Wert als Konstante beizubehalten. Der Faktor f\u00fcr die beschleunigte Alterung [&hellip;]<\/p>\n","protected":false},"author":1,"featured_media":590,"parent":0,"menu_order":0,"comment_status":"closed","ping_status":"closed","template":"","meta":{"_acf_changed":false,"_et_pb_use_builder":"on","_et_pb_old_content":"","_et_gb_content_width":"","inline_featured_image":false,"footnotes":""},"categories":[],"tags":[33],"class_list":["post-1297","page","type-page","status-publish","has-post-thumbnail","hentry","tag-tool-de"],"acf":[],"tag_names":["Anwendungen"],"category_names":[],"thumbnail":"https:\/\/pharca-19a5a.kxcdn.com\/wp-content\/uploads\/2023\/12\/kopfmedia_pharca_permeation-calculator-header.webp","_links":{"self":[{"href":"https:\/\/www.pharca.com\/de\/wp-json\/wp\/v2\/pages\/1297","targetHints":{"allow":["GET"]}}],"collection":[{"href":"https:\/\/www.pharca.com\/de\/wp-json\/wp\/v2\/pages"}],"about":[{"href":"https:\/\/www.pharca.com\/de\/wp-json\/wp\/v2\/types\/page"}],"author":[{"embeddable":true,"href":"https:\/\/www.pharca.com\/de\/wp-json\/wp\/v2\/users\/1"}],"replies":[{"embeddable":true,"href":"https:\/\/www.pharca.com\/de\/wp-json\/wp\/v2\/comments?post=1297"}],"version-history":[{"count":12,"href":"https:\/\/www.pharca.com\/de\/wp-json\/wp\/v2\/pages\/1297\/revisions"}],"predecessor-version":[{"id":2454,"href":"https:\/\/www.pharca.com\/de\/wp-json\/wp\/v2\/pages\/1297\/revisions\/2454"}],"wp:featuredmedia":[{"embeddable":true,"href":"https:\/\/www.pharca.com\/de\/wp-json\/wp\/v2\/media\/590"}],"wp:attachment":[{"href":"https:\/\/www.pharca.com\/de\/wp-json\/wp\/v2\/media?parent=1297"}],"wp:term":[{"taxonomy":"category","embeddable":true,"href":"https:\/\/www.pharca.com\/de\/wp-json\/wp\/v2\/categories?post=1297"},{"taxonomy":"post_tag","embeddable":true,"href":"https:\/\/www.pharca.com\/de\/wp-json\/wp\/v2\/tags?post=1297"}],"curies":[{"name":"wp","href":"https:\/\/api.w.org\/{rel}","templated":true}]}}