{"id":1306,"date":"2023-10-10T17:15:28","date_gmt":"2023-10-10T15:15:28","guid":{"rendered":"https:\/\/www.pharca.com\/kontakt\/"},"modified":"2025-05-22T09:14:20","modified_gmt":"2025-05-22T07:14:20","slug":"kontakt","status":"publish","type":"page","link":"https:\/\/www.pharca.com\/de\/kontakt\/","title":{"rendered":"Kontakt"},"content":{"rendered":"<p>[et_pb_section fb_built=&#8221;1&#8243; _builder_version=&#8221;4.23.1&#8243; _module_preset=&#8221;default&#8221; custom_margin=&#8221;100px||||false|false&#8221; global_colors_info=&#8221;{}&#8221;][et_pb_row make_equal=&#8221;on&#8221; _builder_version=&#8221;4.24.2&#8243; _module_preset=&#8221;default&#8221; min_height_tablet=&#8221;300px&#8221; min_height_phone=&#8221;150px&#8221; min_height_last_edited=&#8221;on|phone&#8221; custom_css_free_form=&#8221;.et_pb_row::after{||  background-image:url(%22\/\/pharca-19a5a.kxcdn.com\/wp-content\/uploads\/2023\/11\/mockup-placeholder-scaled.jpeg%22);||}&#8221; global_colors_info=&#8221;{}&#8221;][et_pb_column type=&#8221;4_4&#8243; _builder_version=&#8221;4.22.2&#8243; _module_preset=&#8221;default&#8221; global_colors_info=&#8221;{}&#8221;][et_pb_text _builder_version=&#8221;4.24.2&#8243; _module_preset=&#8221;default&#8221; header_text_color=&#8221;gcid-78e316dc-3ec4-449b-ab5e-4342817d2b26&#8243; header_6_font=&#8221;|||on|||||&#8221; global_colors_info=&#8221;{%22gcid-78e316dc-3ec4-449b-ab5e-4342817d2b26%22:%91%22header_text_color%22%93}&#8221;]<\/p>\n<h1 style=\"text-align: center;\">Kontakt<\/h1>\n<p>[\/et_pb_text][\/et_pb_column][\/et_pb_row][\/et_pb_section][et_pb_section fb_built=&#8221;1&#8243; _builder_version=&#8221;4.22.2&#8243; _module_preset=&#8221;default&#8221; custom_padding=&#8221;||50px|||&#8221; global_colors_info=&#8221;{}&#8221;][et_pb_row column_structure=&#8221;1_2,1_2&#8243; use_custom_gutter=&#8221;on&#8221; gutter_width=&#8221;1&#8243; make_equal=&#8221;on&#8221; _builder_version=&#8221;4.22.2&#8243; _module_preset=&#8221;default&#8221; custom_margin=&#8221;50px||50px||true|false&#8221; global_colors_info=&#8221;{}&#8221;][et_pb_column type=&#8221;1_2&#8243; _builder_version=&#8221;4.22.2&#8243; _module_preset=&#8221;default&#8221; custom_padding=&#8221;20px||20px||true|false&#8221; global_colors_info=&#8221;{}&#8221;][et_pb_text _builder_version=&#8221;4.23.1&#8243; _module_preset=&#8221;default&#8221; global_colors_info=&#8221;{}&#8221;]<\/p>\n<h2>Pharca GmbH,<br \/>Germany<\/h2>\n<p>[\/et_pb_text][et_pb_text _builder_version=&#8221;4.27.4&#8243; _module_preset=&#8221;default&#8221; custom_padding=&#8221;20px||||false|false&#8221; global_colors_info=&#8221;{}&#8221;]<\/p>\n<p>Lassen Sie uns gemeinsam die Verpackung neu definieren! Bei der Pharca GmbH verbinden wir Kreativit\u00e4t, Fachwissen und innovative Technologien, um Verpackungsl\u00f6sungen zu entwickeln, die nachhaltig, funktional und perfekt auf Ihre Bed\u00fcrfnisse zugeschnitten sind. Sprechen Sie uns an &#8211; gemeinsam entwickeln und validieren wir Ihre individuelle Verpackungsl\u00f6sung!  <\/p>\n<p>[\/et_pb_text][\/et_pb_column][et_pb_column type=&#8221;1_2&#8243; _builder_version=&#8221;4.22.2&#8243; _module_preset=&#8221;default&#8221; custom_padding=&#8221;20px||20px||true|false&#8221; global_colors_info=&#8221;{}&#8221;][et_pb_code _builder_version=&#8221;4.27.4&#8243; _module_preset=&#8221;default&#8221; dvmd_acat_aria_label=&#8221;Christian Heizmann, CEO &#038; Founder, und Maximilian Br\u00fcckmann, Senior Consultant bei pharca&#8221; global_colors_info=&#8221;{}&#8221;]<div id=\"vue-wordpress-app-0c16a35d-a58c-4013-998e-48cf0e3e19ba\" data-app-url=\"https:\/\/www.pharca.com\" data-fcaptcha-sitekey=\"FCMHA65IB4VEF0DF\" data-component=\"contact-section\" data-lang=\"de\"><\/div>[\/et_pb_code][\/et_pb_column][\/et_pb_row][\/et_pb_section][et_pb_section fb_built=&#8221;1&#8243; _builder_version=&#8221;4.27.4&#8243; _module_preset=&#8221;default&#8221; custom_margin_last_edited=&#8221;off|desktop&#8221; custom_padding=&#8221;0px||0px||true|false&#8221; global_colors_info=&#8221;{}&#8221; custom_margin__hover_enabled=&#8221;off|desktop&#8221;][et_pb_row _builder_version=&#8221;4.27.4&#8243; _module_preset=&#8221;default&#8221; width=&#8221;100%&#8221; max_width=&#8221;none&#8221; global_colors_info=&#8221;{}&#8221;][et_pb_column type=&#8221;4_4&#8243; _builder_version=&#8221;4.27.4&#8243; _module_preset=&#8221;default&#8221; global_colors_info=&#8221;{}&#8221;][et_pb_code _builder_version=&#8221;4.27.4&#8243; _module_preset=&#8221;default&#8221; global_colors_info=&#8221;{}&#8221;]<div id=\"vue-wordpress-app-1098cb86-c6fc-421d-a6e9-24710d909cc5\" data-app-url=\"https:\/\/www.pharca.com\" data-fcaptcha-sitekey=\"FCMHA65IB4VEF0DF\" data-component=\"leaflet-map\" data-lang=\"de\" data-leafletmap=\"{&quot;viewCoordinates&quot;:[48.3472980,8.0638653],&quot;marker&quot;:[{&quot;x&quot;: 48.3472980,&quot;y&quot;: 8.0638653,&quot;iconUrl&quot;:&quot;https:\/\/pharca-19a5a.kxcdn.com\/wp-content\/uploads\/2024\/12\/pharca-map-marker.webp&quot;,&quot;iconSize&quot;: [55], &quot;iconAnchor&quot;: [22,60]}]}\"><\/div>[\/et_pb_code][\/et_pb_column][\/et_pb_row][\/et_pb_section][et_pb_section fb_built=&#8221;1&#8243; _builder_version=&#8221;4.22.2&#8243; _module_preset=&#8221;default&#8221; global_module=&#8221;894&#8243; saved_tabs=&#8221;all&#8221; global_colors_info=&#8221;{}&#8221;][et_pb_row column_structure=&#8221;1_3,1_3,1_3&#8243; use_custom_gutter=&#8221;on&#8221; gutter_width=&#8221;2&#8243; make_equal=&#8221;on&#8221; _builder_version=&#8221;4.27.2&#8243; _module_preset=&#8221;default&#8221; global_colors_info=&#8221;{}&#8221;][et_pb_column type=&#8221;1_3&#8243; _builder_version=&#8221;4.27.2&#8243; _module_preset=&#8221;default&#8221; custom_padding=&#8221;40px|60px|40px|60px|true|true&#8221; custom_css_main_element=&#8221;border-radius: 10px;||background: var(&#8211;pharca-white, #FFF);||box-shadow: 0px 4px 100px 0px rgba(0, 0, 0, 0.075);&#8221; global_colors_info=&#8221;{}&#8221;][et_pb_code _builder_version=&#8221;4.27.4&#8243; _module_preset=&#8221;default&#8221; custom_padding=&#8221;||40px|||&#8221; global_colors_info=&#8221;{}&#8221;]<\/p>\n<div><!-- [et_pb_line_break_holder] -->    <\/p>\n<h3 class=\"highlight\"><!-- [et_pb_line_break_holder] --> Kontakt aufnehmen<!-- [et_pb_line_break_holder] -->    <\/h3>\n<p><!-- [et_pb_line_break_holder] -->  <\/div>\n<p><!-- [et_pb_line_break_holder] -->  <\/p>\n<div><!-- [et_pb_line_break_holder] -->    <pee><!-- [et_pb_line_break_holder] --> Haben Sie Fragen oder ben\u00f6tigen Unterst\u00fctzung? Wir sind f\u00fcr Sie da! Kontaktieren Sie uns jederzeit per E-Mail, Telefon oder \u00fcber unser Kontaktformular. Lassen Sie uns die beste L\u00f6sung finden! <!-- [et_pb_line_break_holder] -->    <\/pee><!-- [et_pb_line_break_holder] --><\/div>\n<p>[\/et_pb_code][et_pb_text _builder_version=&#8221;4.27.2&#8243; _module_preset=&#8221;default&#8221; global_colors_info=&#8221;{}&#8221;]    <button class=\"popup-form__action-btn btn\">Kontakt aufnehmen<\/button>[\/et_pb_text][\/et_pb_column][et_pb_column type=&#8221;1_3&#8243; _builder_version=&#8221;4.22.2&#8243; _module_preset=&#8221;default&#8221; custom_padding=&#8221;40px|60px|40px|60px|true|true&#8221; custom_css_main_element=&#8221;border-radius: 10px;||background: var(&#8211;pharca-white, #FFF);||box-shadow: 0px 4px 100px 0px rgba(0, 0, 0, 0.075);&#8221; global_colors_info=&#8221;{}&#8221;][et_pb_text _builder_version=&#8221;4.27.2&#8243; _module_preset=&#8221;default&#8221; global_colors_info=&#8221;{}&#8221;]<\/p>\n<h3 class=\"highlight\">Registrieren Sie sich f\u00fcr<br \/>unseren Newsletter<\/h3>\n<p>Auf dem Laufenden bleiben, immer die neusten Innovationen im Bereich Healthcare-Verpackung. Abonnieren und Ihr Wissen erweitern! Every quarter year &#8211; no spam.<\/p>\n<p>&nbsp;<\/p>\n<p>[\/et_pb_text][et_pb_code _builder_version=&#8221;4.27.2&#8243; _module_preset=&#8221;default&#8221; custom_css_free_form=&#8221;.km-icon-linkedin-logo {||    color: #40C1AC;||}||&#8221; global_colors_info=&#8221;{}&#8221;]<pee><a class=\"btn-link\" href=\"https:\/\/www.pharca.com\/de\/newsletter\/\">Jetzt abonnieren<\/a><\/pee>[\/et_pb_code][\/et_pb_column][et_pb_column type=&#8221;1_3&#8243; _builder_version=&#8221;4.22.2&#8243; _module_preset=&#8221;default&#8221; custom_padding=&#8221;40px|60px|40px|60px|true|true&#8221; custom_css_main_element=&#8221;border-radius: 10px;||background: var(&#8211;pharca-white, #FFF);||box-shadow: 0px 4px 100px 0px rgba(0, 0, 0, 0.075);&#8221; global_colors_info=&#8221;{}&#8221;][et_pb_code _builder_version=&#8221;4.27.2&#8243; _module_preset=&#8221;default&#8221; custom_padding=&#8221;||40px|||&#8221; global_colors_info=&#8221;{}&#8221;]<\/p>\n<div class=\"nested-row nested-cols-1\"><!-- [et_pb_line_break_holder] -->    <\/p>\n<h3 class=\"highlight\"><!-- [et_pb_line_break_holder] --> Follow us<!\u2013- [et_pb_br_holder] -\u2013>on LinkedIn<!-- [et_pb_line_break_holder] -->    <\/h3>\n<p><!-- [et_pb_line_break_holder] -->  <\/p>\n<div><!-- [et_pb_line_break_holder] -->    <pee><!-- [et_pb_line_break_holder] --> Machen Sie sich ein Bild von unserem Unternehmen und unserem Fachwissen auf LinkedIn. <!-- [et_pb_line_break_holder] -->    <\/pee><!-- [et_pb_line_break_holder] -->  <\/div>\n<p><!-- [et_pb_line_break_holder] --><\/div>\n<p>[\/et_pb_code][et_pb_code _builder_version=&#8221;4.27.2&#8243; _module_preset=&#8221;default&#8221; custom_css_free_form=&#8221;.km-icon-linkedin-logo {||    color: #40C1AC;||}||&#8221; global_colors_info=&#8221;{}&#8221;]<\/p>\n<div class=\"nested-row nested-cols-1\"><!-- [et_pb_line_break_holder] -->    <\/p>\n<div><!-- [et_pb_line_break_holder] -->    <pee><!-- [et_pb_line_break_holder] -->      <a href=\"https:\/\/www.linkedin.com\/company\/pharca\/\" class=\"btn-link\" target=\"_blank\" rel=\"noopener\">Follow us on LinkedIn<\/a><!-- [et_pb_line_break_holder] -->    <\/pee><!-- [et_pb_line_break_holder] -->  <\/div>\n<p><!-- [et_pb_line_break_holder] -->  <\/p>\n<div><!-- [et_pb_line_break_holder] -->    <span class=\"km-icon-linkedin-logo\" style=\"font-size: 1.4rem\"><\/span><!-- [et_pb_line_break_holder] -->  <\/div>\n<p><!-- [et_pb_line_break_holder] --><\/div>\n<p><!-- [et_pb_line_break_holder] -->[\/et_pb_code][\/et_pb_column][\/et_pb_row][et_pb_row _builder_version=&#8221;4.27.2&#8243; _module_preset=&#8221;default&#8221; custom_padding=&#8221;0px|0px|0px|0px|false|false&#8221; global_colors_info=&#8221;{}&#8221;][et_pb_column type=&#8221;4_4&#8243; _builder_version=&#8221;4.27.2&#8243; _module_preset=&#8221;default&#8221; global_colors_info=&#8221;{}&#8221;][et_pb_code _builder_version=&#8221;4.27.2&#8243; _module_preset=&#8221;default&#8221; min_height=&#8221;1px&#8221; global_colors_info=&#8221;{}&#8221;]<div id=\"vue-wordpress-app-22e4c34a-7098-4529-9664-ec275ac49261\" data-app-url=\"https:\/\/www.pharca.com\" data-fcaptcha-sitekey=\"FCMHA65IB4VEF0DF\" data-component=\"popup-form\" data-0=\"\" data-1=\"\" data-2=\"\" data-3=\"\" data-4=\"\" data-5=\"wpml_value=&quot;IFtldF9wYl9saW5lX2JyZWFrX2hvbGRlcl0g&quot;\/&gt;\" data-6=\"\" data-7=\"wpml_value=&quot;IFtldF9wYl9saW5lX2JyZWFrX2hvbGRlcl0g&quot;\/&gt;\" data-8=\"&quot;label&quot;:&quot;Contact\" data-9=\"\" data-10=\"wpml_value=&quot;IFtldF9wYl9saW5lX2JyZWFrX2hvbGRlcl0g&quot;\/&gt;\" data-11=\"\" data-12=\"wpml_value=&quot;IFtldF9wYl9saW5lX2JyZWFrX2hvbGRlcl0g&quot;\/&gt;\" data-13=\"\" data-14=\"wpml_value=&quot;IFtldF9wYl9saW5lX2JyZWFrX2hvbGRlcl0g&quot;\/&gt;\" data-15=\"\" data-16=\"wpml_value=&quot;IFtldF9wYl9saW5lX2JyZWFrX2hvbGRlcl0g&quot;\/&gt;\" data-17=\"\" data-18=\"wpml_value=&quot;IFtldF9wYl9saW5lX2JyZWFrX2hvbGRlcl0g&quot;\/&gt;\" data-19=\"\" data-20=\"wpml_value=&quot;IFtldF9wYl9saW5lX2JyZWFrX2hvbGRlcl0g&quot;\/&gt;\" data-21=\"\" data-22=\"wpml_value=&quot;IFtldF9wYl9saW5lX2JyZWFrX2hvbGRlcl0g&quot;\/&gt;\" data-23=\"\" data-24=\"wpml_value=&quot;IFtldF9wYl9saW5lX2JyZWFrX2hvbGRlcl0g&quot;\/&gt;\" data-25=\"\" data-26=\"wpml_value=&quot;IFtldF9wYl9saW5lX2JyZWFrX2hvbGRlcl0g&quot;\/&gt;\" data-27=\"\" data-28=\"wpml_value=&quot;IFtldF9wYl9saW5lX2JyZWFrX2hvbGRlcl0g&quot;\/&gt;\" data-29=\"\" data-30=\"\" data-31=\"\" data-32=\"wpml_value=&quot;IFtldF9wYl9saW5lX2JyZWFrX2hvbGRlcl0g&quot;\/&gt;\"><\/div>[\/et_pb_code][\/et_pb_column][\/et_pb_row][\/et_pb_section]<\/p>\n","protected":false},"excerpt":{"rendered":"<p>KontaktPharca GmbH,GermanyLassen Sie uns gemeinsam die Verpackung neu definieren! Bei der Pharca GmbH verbinden wir Kreativit\u00e4t, Fachwissen und innovative Technologien, um Verpackungsl\u00f6sungen zu entwickeln, die nachhaltig, funktional und perfekt auf Ihre Bed\u00fcrfnisse zugeschnitten sind. Sprechen Sie uns an &#8211; gemeinsam entwickeln und validieren wir Ihre individuelle Verpackungsl\u00f6sung! <div id=\"vue-wordpress-app-1df7706a-c410-413f-be7f-3553113ec1b9\" data-app-url=\"https:\/\/www.pharca.com\" data-fcaptcha-sitekey=\"FCMHA65IB4VEF0DF\" data-component=\"contact-section\" data-lang=\"de\"><\/div><div id=\"vue-wordpress-app-c09a72c3-ed70-4e9d-a2df-4d42a41d6471\" data-app-url=\"https:\/\/www.pharca.com\" data-fcaptcha-sitekey=\"FCMHA65IB4VEF0DF\" data-component=\"&#8221;leaflet-map&#8221;\" data-lang=\"de\" data-0=\"leafletmap=&#039;{&#8220;viewCoordinates&#8221;:[48.3472980,8.0638653],&#8221;marker&#8221;:[{&#8220;x&#8221;:\" data-1=\"48.3472980,&#8221;y&#8221;:\" data-2=\"8.0638653,&#8221;iconUrl&#8221;:&#8221;https:\/\/pharca-19a5a.kxcdn.com\/wp-content\/uploads\/2024\/12\/pharca-map-marker.webp&#8221;,&#8221;iconSize&#8221;:\" data-3=\"[&hellip;\"><\/div><\/p>\n","protected":false},"author":1,"featured_media":518,"parent":0,"menu_order":0,"comment_status":"closed","ping_status":"closed","template":"","meta":{"_acf_changed":false,"_et_pb_use_builder":"on","_et_pb_old_content":"","_et_gb_content_width":"","inline_featured_image":false,"footnotes":""},"categories":[],"tags":[],"class_list":["post-1306","page","type-page","status-publish","has-post-thumbnail","hentry"],"acf":[],"tag_names":[],"category_names":[],"thumbnail":"https:\/\/pharca-19a5a.kxcdn.com\/wp-content\/uploads\/2023\/12\/kopfmedia_pharca_2000px-116.webp","_links":{"self":[{"href":"https:\/\/www.pharca.com\/de\/wp-json\/wp\/v2\/pages\/1306","targetHints":{"allow":["GET"]}}],"collection":[{"href":"https:\/\/www.pharca.com\/de\/wp-json\/wp\/v2\/pages"}],"about":[{"href":"https:\/\/www.pharca.com\/de\/wp-json\/wp\/v2\/types\/page"}],"author":[{"embeddable":true,"href":"https:\/\/www.pharca.com\/de\/wp-json\/wp\/v2\/users\/1"}],"replies":[{"embeddable":true,"href":"https:\/\/www.pharca.com\/de\/wp-json\/wp\/v2\/comments?post=1306"}],"version-history":[{"count":26,"href":"https:\/\/www.pharca.com\/de\/wp-json\/wp\/v2\/pages\/1306\/revisions"}],"predecessor-version":[{"id":2550,"href":"https:\/\/www.pharca.com\/de\/wp-json\/wp\/v2\/pages\/1306\/revisions\/2550"}],"wp:featuredmedia":[{"embeddable":true,"href":"https:\/\/www.pharca.com\/de\/wp-json\/wp\/v2\/media\/518"}],"wp:attachment":[{"href":"https:\/\/www.pharca.com\/de\/wp-json\/wp\/v2\/media?parent=1306"}],"wp:term":[{"taxonomy":"category","embeddable":true,"href":"https:\/\/www.pharca.com\/de\/wp-json\/wp\/v2\/categories?post=1306"},{"taxonomy":"post_tag","embeddable":true,"href":"https:\/\/www.pharca.com\/de\/wp-json\/wp\/v2\/tags?post=1306"}],"curies":[{"name":"wp","href":"https:\/\/api.w.org\/{rel}","templated":true}]}}