{"id":1333,"date":"2023-10-10T17:15:28","date_gmt":"2023-10-10T15:15:28","guid":{"rendered":"https:\/\/www.pharca.com\/datenschutz\/"},"modified":"2025-07-14T09:52:24","modified_gmt":"2025-07-14T07:52:24","slug":"datenschutz","status":"publish","type":"page","link":"https:\/\/www.pharca.com\/de\/datenschutz\/","title":{"rendered":"Datenschutz"},"content":{"rendered":"<p>[et_pb_section fb_built=&#8221;1&#8243; _builder_version=&#8221;4.23.1&#8243; _module_preset=&#8221;default&#8221; custom_margin=&#8221;100px||||false|false&#8221; global_colors_info=&#8221;{}&#8221;][et_pb_row make_equal=&#8221;on&#8221; _builder_version=&#8221;4.23.1&#8243; _module_preset=&#8221;default&#8221; min_height_tablet=&#8221;300px&#8221; min_height_phone=&#8221;300px&#8221; min_height_last_edited=&#8221;on|tablet&#8221; custom_css_free_form=&#8221;.et_pb_row::after{||  background-image:url(%22\/\/pharca-19a5a.kxcdn.com\/wp-content\/uploads\/2023\/11\/mockup-placeholder-scaled.jpeg%22);||}&#8221; global_colors_info=&#8221;{}&#8221;][et_pb_column type=&#8221;4_4&#8243; _builder_version=&#8221;4.22.2&#8243; _module_preset=&#8221;default&#8221; global_colors_info=&#8221;{}&#8221;][et_pb_text _builder_version=&#8221;4.23.1&#8243; _module_preset=&#8221;default&#8221; header_text_color=&#8221;gcid-78e316dc-3ec4-449b-ab5e-4342817d2b26&#8243; header_6_font=&#8221;|||on|||||&#8221; global_colors_info=&#8221;{%22gcid-78e316dc-3ec4-449b-ab5e-4342817d2b26%22:%91%22header_text_color%22%93}&#8221;]<\/p>\n<h1 style=\"text-align: center;\">Datenschutz<\/h1>\n<p>[\/et_pb_text][\/et_pb_column][\/et_pb_row][\/et_pb_section][et_pb_section fb_built=&#8221;1&#8243; _builder_version=&#8221;4.23.1&#8243; _module_preset=&#8221;default&#8221; global_colors_info=&#8221;{}&#8221;][et_pb_row _builder_version=&#8221;4.23.1&#8243; _module_preset=&#8221;default&#8221; global_colors_info=&#8221;{}&#8221;][et_pb_column type=&#8221;4_4&#8243; _builder_version=&#8221;4.23.1&#8243; _module_preset=&#8221;default&#8221; global_colors_info=&#8221;{}&#8221;][et_pb_text _builder_version=&#8221;4.27.4&#8243; _module_preset=&#8221;default&#8221; hover_enabled=&#8221;0&#8243; global_colors_info=&#8221;{}&#8221; sticky_enabled=&#8221;0&#8243;]Wie wir mit Ihren personenbezogenen Daten umgehen, erl\u00e4utern wir Ihnen in dieser Datenschutzerkl\u00e4rung. Ma\u00dfgabe ist das geltende Datenschutzrecht, insbesondere die Datenschutz-Grundverordnung (DSGVO). Mit Ausnahme der Dienstleister und Drittanbieter, die wir in dieser Datenschutzerkl\u00e4rung benennen, geben wir keine Daten an Dritte weiter. Wenn Sie Fragen haben, sprechen Sie uns gerne an.<\/p>\n<h2>Inhalt<\/h2>\n<ul>\n<li class=\"first\"><a href=\"#verantwortlicher\">Verantwortlicher<\/a><\/li>\n<li><a href=\"#allgemeine-informationen\">Allgemeine Informationen<\/a><\/li>\n<li><a href=\"#datenverarbeitung-beim-aufruf-der-webseite\">Datenverarbeitung beim Aufruf der Webseite<\/a><\/li>\n<li><a href=\"#cookies-zaehlpixel-und-mobile-identifier\">Cookies, Z\u00e4hlpixel und Mobile Identifier<\/a><\/li>\n<li><a href=\"#kontaktaufnahme\">Kontaktaufnahme<\/a><\/li>\n<li><a href=\"#stellenbewerbungen\">Stellenbewerbungen<\/a><\/li>\n<li><a href=\"#weitere-drittdienste\">Weitere Drittdienste<\/a><\/li>\n<li><a href=\"#profile-in-sozialen-netzwerken\">Profile in sozialen Netzwerken<\/a><\/li>\n<li class=\"last\"><a href=\"#rechte-betroffener-personen\">Rechte betroffener Personen<\/a><\/li>\n<\/ul>\n<h2 id=\"verantwortlicher\">Verantwortlicher<\/h2>\n<p>Verantwortlich f\u00fcr die Datenverarbeitung ist<\/p>\n<p>Pharca GmbH<br \/>\nFr\u00f6schbach 9<br \/>\n77781\u00a0Biberach<\/p>\n<p>Datenschutzbeauftragter:<\/p>\n<p>Christian Heizmann<\/p>\n<h2 id=\"allgemeine-informationen\">Allgemeine Informationen<\/h2>\n<div><strong>Bereitstellung von Daten<br \/>\n<\/strong><\/div>\n<div>\n<p>F\u00fcr eine Nutzung unserer Webseite ist in der Regel weder gesetzlich noch vertraglich vorgeschrieben, personenbezogene Daten zur Verf\u00fcgung stellen. Soweit eine Bereitstellung von Daten f\u00fcr einen Vertragsabschluss erforderlich ist oder der Nutzer dazu verpflichtet ist, personenbezogene Daten bereitzustellen, teilen wir diesen Umstand und welche Folgen die Nichtbereitstellung h\u00e4tte in dieser Datenschutzerkl\u00e4rung mit.<\/p>\n<\/div>\n<div>\n<p><strong>Daten\u00fcbermittlung an Drittl\u00e4nder<\/strong><\/p>\n<\/div>\n<div>\n<p>Es ist m\u00f6glich, dass wir Dienstleister und Drittanbieter einsetzen, die in L\u00e4ndern au\u00dferhalb der Europ\u00e4ischen Union und des Europ\u00e4ischen Wirtschaftsraums ans\u00e4ssig sind. Die \u00dcbermittlung personenbezogener Daten in solche Drittl\u00e4nder erfolgt, sofern nicht eine Einwilligung des Nutzers in die Daten\u00fcbermittlung vorliegt, auf der Grundlage eines Angemessenheitsbeschlusses der Europ\u00e4ischen Kommission (Art.\u00a045 DSGVO) oder wir haben geeignete Garantien vorgesehen, um den Datenschutz sicherzustellen (Art.\u00a046 DSGVO). Soweit ein Angemessenheitsbeschluss der Europ\u00e4ischen Kommission f\u00fcr die Daten\u00fcbermittlung in ein Drittland vorhanden ist, weisen wir in dieser Datenschutzerkl\u00e4rung darauf hin. Im \u00dcbrigen gilt, dass Nutzer eine Kopie der geeigneten Garantien, soweit diese nicht bereits in den Datenschutzerkl\u00e4rungen der Dienstleister oder Drittanbieter enthalten ist, \u00fcber uns beziehen k\u00f6nnen.<\/p>\n<\/div>\n<div><strong>Automatisierte Entscheidungsfindung<br \/>\n<\/strong><\/div>\n<div>\n<p>Sollten wir eine automatisierte Entscheidungsfindung einschlie\u00dflich Profiling vornehmen, informieren wir in dieser Datenschutzerkl\u00e4rung \u00fcber diesen Umstand, \u00fcber die involvierte Logik sowie die Tragweite und die angestrebten Auswirkungen einer derartigen Verarbeitung. Im \u00dcbrigen findet eine automatisierte Entscheidungsfindung nicht statt.<\/p>\n<\/div>\n<div><strong>Verarbeitung zu anderen Zwecken<br \/>\n<\/strong><\/div>\n<div>Daten werden grunds\u00e4tzlich nur zu den Zwecken verarbeitet, f\u00fcr die sie erhoben wurden. Sollen sie ausnahmsweise zu anderen Zwecken weiterverarbeitet werden, informieren wir vor dieser Weiterverarbeitung \u00fcber diese anderen Zwecke und stellen alle anderen ma\u00dfgeblichen Informationen zur Verf\u00fcgung (Art.\u00a013 Abs.\u00a03 DSGVO).<\/div>\n<h2 id=\"datenverarbeitung-beim-aufruf-der-webseite\">Datenverarbeitung beim Aufruf der Webseite<\/h2>\n<p>Bei jedem Aufruf unserer Webseite \u00fcbertr\u00e4gt der Browser des Nutzers verschiedene Daten. F\u00fcr die Dauer des Besuchs der Webseite werden die folgenden Daten verarbeitet und in Logfiles auch \u00fcber ein Ende der Verbindung hinaus gespeichert:<\/p>\n<ul>\n<li>Browsertyp und verwendete -version<\/li>\n<li>Betriebssystem<\/li>\n<li>Abgerufene Seiten und Dateien<\/li>\n<li>\u00dcbertragene Datenmenge<\/li>\n<li>Datum und Uhrzeit des Abrufs<\/li>\n<li>Provider des Nutzers<\/li>\n<li>IP-Adresse<\/li>\n<li>Referrer URL<\/li>\n<\/ul>\n<p>Die Verarbeitung dieser Daten ist erforderlich, um die Webseite an den Nutzer ausliefern zu k\u00f6nnen und f\u00fcr sein Endger\u00e4t zu optimieren. Die Speicherung in Logfiles dient der Verbesserung der Sicherheit unserer Webseite (z.B. Schutz vor DDOS-Angriffen).<\/p>\n<p>Rechtsgrundlage f\u00fcr die Verarbeitung ist Art.\u00a06 Abs.\u00a01 UAbs.\u00a01 Buchst.\u00a0f) DSGVO. Unser berechtigtes Interesse besteht in der Bereitstellung der Webseite und der Verbesserung der Webseitensicherheit. Logfiles werden nach 30 Tagen automatisch gel\u00f6scht.<\/p>\n<h2 id=\"cookies-zaehlpixel-und-mobile-identifier\">Cookies, Z\u00e4hlpixel und Mobile Identifier<\/h2>\n<p>Auf unserer Webseite setzen wir Technologien ein, um das genutzte Endger\u00e4t wiederzuerkennen. Es kann sich dabei um Cookies, Z\u00e4hlpixel und\/oder Mobile Identifier handeln.<\/p>\n<p>Das Wiedererkennen eines Endger\u00e4ts kann grunds\u00e4tzlich zu unterschiedlichen Zwecken erfolgen. Es kann notwendig sein, um Funktionen unserer Webseite bereitzustellen, beispielsweise um einen Warenkorb zur Verf\u00fcgung zu stellen. Dar\u00fcber hinaus k\u00f6nnen die genannten Technologien dazu genutzt werden, um das Verhalten von Nutzern auf der Seite nachzuvollziehen, beispielsweise zu Werbezwecken. Welche Technologien wir im Einzelnen nutzen und zu welchen Zwecken, beschreiben wir in dieser Datenschutzerkl\u00e4rung gesondert.<\/p>\n<p>F\u00fcr ein besseres Verst\u00e4ndnis erl\u00e4utern wir nachfolgend allgemein, wie Cookies, Z\u00e4hlpixel und Mobile Identifier funktionieren:<\/p>\n<ul>\n<li>Cookies sind kleine Textdateien, die bestimmte Informationen beinhalten und auf dem Endger\u00e4t des Nutzers gespeichert werden. Zumeist handelt es sich um eine Identifikationsnummer, die einem Endger\u00e4t zugewiesen wird (Cookie ID).<\/li>\n<li>Bei einem Z\u00e4hlpixel handelt es sich um eine transparente Grafikdatei, die auf einer Seite eingebunden wird und eine Logdateianalyse erm\u00f6glicht.<\/li>\n<li>Ein Mobile Identifier ist eine einzigartige Nummer (Mobile ID), die auf einem mobilen Endger\u00e4t gespeichert ist und durch eine Webseite ausgelesen werden kann.<\/li>\n<\/ul>\n<p>Cookies k\u00f6nnen erforderlich sein, damit unsere Webseite ordnungsgem\u00e4\u00df funktioniert. Rechtsgrundlage f\u00fcr den Einsatz derartiger Cookies ist Art.\u00a06 Abs.\u00a01 UAbs.\u00a01 Buchst.\u00a0f) DSGVO. Unser berechtigtes Interesse besteht in der Bereitstellung der Funktionen unserer Webseite.<\/p>\n<p>F\u00fcr den Betrieb unserer Webseite nicht erforderliche Cookies setzen wir ein, um unser Angebot nutzerfreundlicher zu machen oder die Nutzung unserer Webseite nachvollziehen zu k\u00f6nnen. Die Rechtsgrundlage richtet sich hier danach, ob die Einwilligung des Nutzers einzuholen ist oder wir uns auf ein berechtigtes Interesse berufen k\u00f6nnen. Eine erteilte Einwilligung kann der Nutzer unter anderem durch die Einstellungen in seinem Browser jederzeit widerrufen.<\/p>\n<p>Der Nutzer kann der Verarbeitung von Daten mithilfe von Cookies durch entsprechende Einstellungen in seinem Browser verhindern und ihr widersprechen. Im Falle des Widerspruchs kann es sein, dass nicht alle Funktionen unserer Webseite zur Verf\u00fcgung stehen. \u00dcber weitere M\u00f6glichkeiten des Widerspruchs gegen die Verarbeitung personenbezogener Daten durch Cookies informieren wir in dieser Datenschutzerkl\u00e4rung gesondert. Gegebenenfalls stellen wir Links bereit, mit denen ein Widerspruch erkl\u00e4rt werden kann. Diese sind mit &#8220;Opt-Out&#8221; beschriftet.<\/p>\n<h2 id=\"kontaktaufnahme\">Kontaktaufnahme<\/h2>\n<p>Im Falle einer Kontaktaufnahme verarbeiten wir die Angaben des Nutzers, Datum und Uhrzeit zum Zwecke der Bearbeitung der Anfrage einschlie\u00dflich eventueller R\u00fcckfragen.<\/p>\n<p>F\u00fcr das Management von Kundenbeziehungen verwenden wir das CRM-System HubSpot CRM. Anbieter: HubSpot Ireland Ltd., 2nd Floor 30 North Wall Quay, Dublin 1, Irland.<\/p>\n<p><a href=\"https:\/\/legal.hubspot.com\/privacy-policy\">Datenschutzerkl\u00e4rung von HubSpot CRM<\/a><\/p>\n<p>Rechtsgrundlage f\u00fcr die Datenverarbeitung ist Art.\u00a06 Abs.\u00a01 UAbs.\u00a01 Buchst.\u00a0f) DSGVO. Unser berechtigtes Interesse besteht in der Beantwortung der Anfragen unserer Nutzer. Zus\u00e4tzliche Rechtsgrundlage ist Art.\u00a06 Abs.\u00a01 UAbs.\u00a01 Buchst.\u00a0b) DSGVO, wenn die Verarbeitung f\u00fcr die Erf\u00fcllung eines Vertrags oder zur Durchf\u00fchrung vorvertraglicher Ma\u00dfnahmen erforderlich ist.<\/p>\n<p>Die Daten werden gel\u00f6scht, sobald die Anfrage einschlie\u00dflich etwaiger R\u00fcckfragen beantwortet ist. Wir \u00fcberpr\u00fcfen in regelm\u00e4\u00dfigen Abst\u00e4nden, mindestens aber alle zwei Jahre, ob im Zusammenhang mit Kontaktaufnahmen angefallene Daten zu l\u00f6schen sind.<\/p>\n<h2 id=\"stellenbewerbungen\">Stellenbewerbungen<\/h2>\n<p>Wenn sich Nutzer auf eine Stelle bewerben, verarbeiten wir personenbezogene Daten zum Zweck des Bewerbungsverfahrens. Neben den Daten, die durch den Nutzer \u00fcbermittelt werden, verarbeiten wir weitere Daten, die im Laufe des Bewerbungsverfahrens anfallen (z.B. bei einem Vorstellungsgespr\u00e4ch). Sollten wir Daten in einen Bewerberpool aufnehmen, geschieht dies nur auf Grundlage einer vorherigen Einwilligung des Nutzers. In diesem Falle werden die Daten \u00fcber den Abschluss des Bewerbungsverfahrens hinaus verarbeitet, damit bei passenden Stellenangeboten eine Kontaktaufnahme erfolgen kann.<\/p>\n<p>Bewerberdaten werden drei Monate nach Abschluss des Bewerbungsverfahrens gel\u00f6scht. Bei einer Aufnahme in einen Bewerberpool werden die Daten h\u00f6chstens zwei Jahre aufbewahrt, wenn nicht zuvor die erteilte Einwilligung widerrufen wird.<\/p>\n<p>Rechtsgrundlage f\u00fcr die Verarbeitung ist Art.\u00a06 Abs.\u00a01 UAbs.\u00a01 Buchst.\u00a0b) DSGVO. Im Falle einer erteilten Einwilligung f\u00fcr die Aufnahme in einen Bewerberpool beruht die Verarbeitung auf Art.\u00a06 Abs.\u00a01 UAbs.\u00a01 Buchst.\u00a0a) DSGVO. Nach Beendigung des Bewerbungsverfahrens erfolgt die Verarbeitung auf Grundlage von Art.\u00a06 Abs.\u00a01 UAbs.\u00a01 Buchst.\u00a0f) DSGVO. Unser berechtigtes Interesse besteht in der Abwehr m\u00f6glicher Anspr\u00fcche nach dem Allgemeinen Gleichbehandlungsgesetz.<\/p>\n<h2 id=\"weitere-drittdienste\">Weitere Drittdienste<\/h2>\n<p>&nbsp;<\/p>\n<p><strong>Matomo Analytics<\/strong><\/p>\n<p>Die Reichweite unserer Webseite messen wir mit Matomo, einem Open-Source-Tool, das wir auf unserem eigenen Server betreiben.<\/p>\n<p>Dabei wird ggf. ein Cookie auf dem Endger\u00e4t des Nutzers gesetzt, \u00fcber das die Aktivit\u00e4ten nachverfolgt und beispielsweise wiederkehrende Besuche erkannt werden k\u00f6nnen. Die IP-Adresse des Nutzers wird automatisch gek\u00fcrzt, damit ist ein R\u00fcckschluss auf einzelne Personen nicht mehr m\u00f6glich. Ausgewertet werden unter anderem der ungef\u00e4hre geografische Standort, Endger\u00e4t, Bildschirmaufl\u00f6sung, Browser sowie besuchte Seiten einschlie\u00dflich der Verweildauer.<\/p>\n<p>Soweit wir eine Einwilligung des Nutzers einholen, erfolgt die Verarbeitung von Daten auf der Rechtsgrundlage des Art.\u00a06 Abs.\u00a01 UAbs.\u00a01 Buchst.\u00a0a) DSGVO. Im \u00dcbrigen beruht sie auf Art.\u00a06 Abs.\u00a01 UAbs.\u00a01 Buchst.\u00a0f) DSGVO. Unser berechtigtes Interesse besteht in der Optimierung unserer Webseite, der Verbesserung unserer Angebote und dem Online-Marketing.<\/p>\n<div id=\"matomo-opt-out\"><\/div>\n<p><script src=\"https:\/\/matomo.kopfmedia.de\/index.php?module=CoreAdminHome&amp;action=optOutJS&amp;divId=matomo-opt-out&amp;language=de&amp;showIntro=1\"><\/script><\/p>\n<p><strong>Google Analytics<\/strong><\/p>\n<p>Zu Analyse der Nutzung unserer Webseite setzen wir Google Analytics ein. Anbieter: Google Ireland Ltd., Google Building Gordon House, 4 Barrow St, Dublin, D04 E5W5, Irland.<\/p>\n<p>Um Aktivit\u00e4ten des Nutzers auf der Webseite nachverfolgen zu k\u00f6nnen, wird ein Cookie auf dem Endger\u00e4t gesetzt. Wir nutzen Google Analytics mit der Erweiterung <em>anonymize IP<\/em>. Die IP-Adresse des Nutzers wird automatisch gek\u00fcrzt, bevor sie an Server in den USA \u00fcbertragen wird. Ausgewertet werden unter anderem der ungef\u00e4hre geografische Standort, Endger\u00e4t, Bildschirmaufl\u00f6sung, Browser sowie besuchte Seiten einschlie\u00dflich der Verweildauer.<\/p>\n<p>Soweit wir eine Einwilligung des Nutzers einholen, erfolgt die Verarbeitung von Daten auf der Rechtsgrundlage des Art.\u00a06 Abs.\u00a01 UAbs.\u00a01 Buchst.\u00a0a) DSGVO. Im \u00dcbrigen beruht sie auf Art.\u00a06 Abs.\u00a01 UAbs.\u00a01 Buchst.\u00a0f) DSGVO. Unser berechtigtes Interesse besteht in der Optimierung unserer Webseite, der Verbesserung unserer Angebote und dem Online-Marketing.<\/p>\n<p>Die durch Google Analytics gesammelten Daten werden nach Ablauf von 14 Monaten automatisch gel\u00f6scht.<\/p>\n<p><a href=\"https:\/\/tools.google.com\/dlpage\/gaoptout?hl=de\">Opt-Out<\/a><\/p>\n<p><a href=\"https:\/\/policies.google.com\/privacy?hl=de\">Datenschutzerkl\u00e4rung von Google Analytics<\/a><\/p>\n<p><strong>HubSpot Analytics<\/strong><\/p>\n<p>F\u00fcr unser Online-Marketing setzen wir HubSpot ein. Anbieter: HubSpot Ireland Ltd., 2nd Floor 30 North Wall Quay, Dublin 1, Irland.<\/p>\n<p>Mit HubSpot k\u00f6nnen wir auf einer Plattform verschiedene Aktivit\u00e4ten b\u00fcndeln, unter anderem die Versendung von Newslettern, das Management unserer Kan\u00e4le in sozialen Netzwerken und Webanalyse. Um die Nutzung unserer Webseite analysieren zu k\u00f6nnen, verwendet Hubspot Cookies und Z\u00e4hlpixel. Ausgewertet werden unter anderem der ungef\u00e4hre geografische Standort, Endger\u00e4t, Bildschirmaufl\u00f6sung, Browser sowie besuchte Seiten, einschlie\u00dflich der Verweildauer.<\/p>\n<p>Soweit wir eine Einwilligung des Nutzers einholen, erfolgt die Verarbeitung von Daten auf der Rechtsgrundlage des Art.\u00a06 Abs.\u00a01 UAbs.\u00a01 Buchst.\u00a0a) DSGVO. Im \u00dcbrigen beruht sie auf Art.\u00a06 Abs.\u00a01 UAbs.\u00a01 Buchst.\u00a0f) DSGVO. Unser berechtigtes Interesse besteht darin, die Inhalte unserer Webseite zu verbessern.<\/p>\n<p><a href=\"https:\/\/legal.hubspot.com\/dpa\">Opt-Out<\/a><\/p>\n<p><a href=\"https:\/\/legal.hubspot.com\/privacy-policy\">Datenschutzerkl\u00e4rung von HubSpot Analytics<\/a><\/p>\n<p><strong>Microsoft Clarity<\/strong><\/p>\n<p>Wir arbeiten mit Microsoft Clarity und Microsoft Advertising zusammen, um zu erfassen, wie Sie unsere Website nutzen und mit ihr interagieren, und zwar durch verhaltensbezogene Metriken, Heatmaps und Sitzungswiederholung, um unsere Produkte\/Dienstleistungen zu verbessern und zu vermarkten. Daten zur Nutzung der Website werden mithilfe von Cookies von Erstanbietern und von Drittanbietern sowie anderen Tracking-Technologien erfasst, um die Beliebtheit von Produkten\/Dienstleistungen und Online-Aktivit\u00e4ten auf zu ermitteln. Dar\u00fcber hinaus verwendet diese Informationen zur Optimierung der Website, zu Betrugs-\/Sicherheitszwecken und f\u00fcr Werbung. Weitere Informationen dar\u00fcber, wie Microsoft Ihre Daten sammelt und verwendet, <a href=\"https:\/\/www.microsoft.com\/de-de\/privacy\/privacystatement\">finden Sie in der Microsoft-Datenschutzerkl\u00e4rung<\/a>.<\/p>\n<p><strong>KeyCDN<\/strong><\/p>\n<p>Wir nutzen das Content-Delivery-Network (CDN) CDN77 ein. Anbieter: proinity LLC, Faerberstrasse 9, 8832 Wollerau, Schweiz.<\/p>\n<p>Inhalte werden von Servern des CDN geladen. Damit eine Verbindung aufgebaut werden kann, ist es technisch notwendig, die IP-Adresse des Nutzers zu \u00fcbertragen.<\/p>\n<p>Rechtsgrundlage f\u00fcr die Verarbeitung ist Art.\u00a06 Abs.\u00a01 UAbs.\u00a01 Buchst.\u00a0f) DSGVO. Unser berechtigtes Interesse besteht in der Verbesserung der Geschwindigkeit und Verf\u00fcgbarkeit unserer Webseite.<\/p>\n<p>Unternehmenssitz von proinity LLC ist die Schweiz. Die Europ\u00e4ische Kommission hat durch einen <a href=\"https:\/\/eur-lex.europa.eu\/legal-content\/DE\/TXT\/HTML\/?uri=CELEX:32000D0518&amp;from=DE\">Angemessenheitsbeschluss gem. Art.\u00a045 DSGVO<\/a> festgestellt, dass in der Schweiz ein angemessenes Schutzniveau f\u00fcr personenbezogene Daten besteht.<\/p>\n<p><a href=\"https:\/\/www.keycdn.com\/privacy\">Datenschutzerkl\u00e4rung von KeyCDN<\/a><\/p>\n<p><strong>LinkedIn<\/strong><\/p>\n<p>Inhalte und Buttons des sozialen Netzwerks LinkedIn binden wir \u00fcber ein Plugin auf unserer Webseite ein. Anbieter: LinkedIn Corp., 1000 W. Maude Ave., Sunnyvale, California 94085, USA.<\/p>\n<p>Um Inhalte von LinkedIn laden zu k\u00f6nnen ist es technisch notwendig, die IP-Adresse des Nutzers an das Unternehmen zu \u00fcbertragen. Wenn der Nutzer bei LinkedIn eingeloggt ist, kann der Besuch einer Seite dem Account zugeordnet werden.<\/p>\n<p>Soweit wir eine Einwilligung des Nutzers einholen, erfolgt die Verarbeitung von Daten auf der Rechtsgrundlage des Art.\u00a06 Abs.\u00a01 UAbs.\u00a01 Buchst.\u00a0a) DSGVO. Im \u00dcbrigen beruht sie auf Art.\u00a06 Abs.\u00a01 UAbs.\u00a01 Buchst.\u00a0f) DSGVO. Unser berechtigtes Interesse f\u00fcr die Einbindung von LinkedIn-Inhalten und Buttons besteht in der nutzerfreundlichen Gestaltung unserer Webseite.<\/p>\n<p><a href=\"https:\/\/www.linkedin.com\/legal\/privacy-policy\">Datenschutzerkl\u00e4rung von LinkedIn<\/a><\/p>\n<p><strong>HubSpot Chat<\/strong><\/p>\n<p>Zur Kommunikation mit unseren Nutzern haben wir auf unserer Webseite eine Chatfunktion eingebunden. Anbieter: HubSpot Ireland Ltd., 2nd Floor 30 North Wall Quay, Dublin 1, Irland.<\/p>\n<p>Werden Nachrichten \u00fcber den Chat \u00fcbermittelt, verarbeitet Hubspot in unserem Auftrag den Inhalt der Eingaben sowie weitere Daten wie z.B. Browserinformationen, Ger\u00e4teinformationen, IP-Adresse, die besuchten Seiten und den Zeitpunkt des Besuchs.<\/p>\n<p>Soweit wir eine Einwilligung des Nutzers einholen, erfolgt die Verarbeitung von Daten auf der Rechtsgrundlage des Art.\u00a06 Abs.\u00a01 UAbs.\u00a01 Buchst.\u00a0a) DSGVO. Ist die Verarbeitung f\u00fcr die Erf\u00fcllung eines Vertrags oder zur Durchf\u00fchrung vorvertraglicher Ma\u00dfnahmen erforderlich, erfolgt die Verarbeitung auf Grundlage des Art.\u00a06 Abs.\u00a01 UAbs.\u00a01 Buchst.\u00a0b) DSGVO. Im \u00dcbrigen beruht sie auf Art.\u00a06 Abs.\u00a01 UAbs.\u00a01 Buchst.\u00a0f) DSGVO. Unser berechtigtes Interesse besteht darin, die Inhalte unserer Webseite zu verbessern.<\/p>\n<p>Die Daten werden nach Ablauf des unter &#8220;Kontaktaufnahme&#8221; genannten Zeitraums gel\u00f6scht.<\/p>\n<p><a href=\"https:\/\/legal.hubspot.com\/de\/privacy-policy\">Datenschutzerkl\u00e4rung von HubSpot Chat<\/a><\/p>\n<h2 id=\"profile-in-sozialen-netzwerken\">Profile in sozialen Netzwerken<\/h2>\n<p>Wir sind in einem oder mehreren sozialen Netzwerken pr\u00e4sent. Im Einzelnen handelt es sich um: LinkedIn. Bei einer Kontaktaufnahme verarbeiten wir personenbezogene Daten wie oben unter Kontaktaufnahme beschrieben.<\/p>\n<p>Die Anbieter von sozialen Netzwerken verarbeiten Daten entsprechend ihrer Datenschutzbestimmungen, die hier aufgerufen werden k\u00f6nnen:<\/p>\n<p>&nbsp;<\/p>\n<ul>\n<li><a href=\"https:\/\/www.linkedin.com\/legal\/privacy-policy?_l=de_DE\" target=\"_blank\" rel=\"noopener\">LinkedIn<\/a><\/li>\n<\/ul>\n<p>Ist ein Nutzer mit seinem Account eingeloggt, k\u00f6nnen ihm die Aktivit\u00e4ten auf unserem Profil in dem jeweiligen sozialen Netzwerk gegebenenfalls zugeordnet werden. Dies kann ger\u00e4te\u00fcbergreifend und ggf. auch ohne Login erfolgen, beispielsweise unter Verwendung von Cookies oder Mobile Identifiern. Die Anbieter sozialer Netzwerke erstellen anhand der gesammelten Daten pseudonymisierte Nutzerprofile, mit denen sie insbesondere personalisierte Werbung ausspielen k\u00f6nnen.<\/p>\n<h2 id=\"rechte-betroffener-personen\">Rechte betroffener Personen<\/h2>\n<p>Werden personenbezogene Daten des Nutzers verarbeitet, ist er betroffene Person im Sinne der DSGVO. Betroffenen Personen stehen die folgenden Rechte zu:<\/p>\n<p><strong>Recht auf Auskunft:<\/strong> Die betroffene Person hat das Recht, eine Best\u00e4tigung dar\u00fcber zu verlangen, ob sie betreffende personenbezogene Daten verarbeitet werden. Werden personenbezogene Daten verarbeitet, so hat die betroffene Person ein Recht auf unentgeltliche Auskunft sowie auf eine Kopie der personenbezogenen Daten, die Gegenstand der Verarbeitung sind.<\/p>\n<p><strong>Recht auf Berichtigung:<\/strong> Die betroffene Person hat das Recht, die unverz\u00fcgliche Berichtigung unrichtiger oder Vervollst\u00e4ndigung unvollst\u00e4ndiger personenbezogener Daten zu verlangen.<\/p>\n<p><strong>Recht auf L\u00f6schung:<\/strong> Die betroffene Person hat das Recht, nach Ma\u00dfgabe der gesetzlichen Bestimmungen eine unverz\u00fcgliche L\u00f6schung sie betreffender personenbezogener Daten zu verlangen.<\/p>\n<p><strong>Recht auf Einschr\u00e4nkung der Verarbeitung:<\/strong> Die betroffene Person hat das Recht, nach Ma\u00dfgabe der gesetzlichen Bestimmungen eine Einschr\u00e4nkung der Verarbeitung sie betreffender personenbezogener Daten zu verlangen.<\/p>\n<p><strong>Recht auf Daten\u00fcbertragbarkeit:<\/strong> Die betroffene Person hat das Recht, die sie betreffenden personenbezogenen Daten in einem strukturierten, g\u00e4ngigen und maschinenlesbaren Format zu erhalten oder eine \u00dcbermittlung an einen anderen Verantwortlichen zu verlangen.<\/p>\n<p><strong>Recht auf Widerspruch:<\/strong> Die betroffene Person hat das Recht, aus Gr\u00fcnden, die sich aus ihrer besonderen Situation ergeben, jederzeit gegen die Verarbeitung sie betreffender personenbezogener Daten, die aufgrund von Art.\u00a06 Abs.\u00a01 UAbs.\u00a01 Buchst.\u00a0e) oder f) DSGVO erfolgt, Widerspruch einzulegen; dies gilt auch f\u00fcr ein auf diese Bestimmungen gest\u00fctztes Profiling. Werden personenbezogene Daten verarbeitet, um Direktwerbung zu betreiben, so hat die betroffene Person das Recht, jederzeit Widerspruch gegen die Verarbeitung sie betreffender personenbezogener Daten zum Zwecke derartiger Werbung einzulegen; dies gilt auch f\u00fcr das Profiling, soweit es mit solcher Direktwerbung in Verbindung steht.<\/p>\n<p><strong>Recht auf Widerruf:<\/strong> Die betroffene Person hat das Recht, ihre erteilte Einwilligung jederzeit zu widerrufen.<\/p>\n<p><strong>Recht auf Beschwerde:<\/strong> Die betroffene Person hat das Recht, sich bei einer Aufsichtsbeh\u00f6rde zu beschweren.<\/p>\n<p><strong>Stand der Datenschutzerkl\u00e4rung:<\/strong> 01. Juli 2024[\/et_pb_text][\/et_pb_column][\/et_pb_row][\/et_pb_section]<\/p>\n","protected":false},"excerpt":{"rendered":"<p>DatenschutzWie wir mit Ihren personenbezogenen Daten umgehen, erl\u00e4utern wir Ihnen in dieser Datenschutzerkl\u00e4rung. Ma\u00dfgabe ist das geltende Datenschutzrecht, insbesondere die Datenschutz-Grundverordnung (DSGVO). Mit Ausnahme der Dienstleister und Drittanbieter, die wir in dieser Datenschutzerkl\u00e4rung benennen, geben wir keine Daten an Dritte weiter. Wenn Sie Fragen haben, sprechen Sie uns gerne an. Inhalt Verantwortlicher Allgemeine Informationen Datenverarbeitung [&hellip;]<\/p>\n","protected":false},"author":1,"featured_media":514,"parent":0,"menu_order":0,"comment_status":"closed","ping_status":"closed","template":"","meta":{"_acf_changed":false,"_et_pb_use_builder":"on","_et_pb_old_content":"","_et_gb_content_width":"","inline_featured_image":false,"footnotes":""},"categories":[],"tags":[],"class_list":["post-1333","page","type-page","status-publish","has-post-thumbnail","hentry"],"acf":[],"tag_names":[],"category_names":[],"thumbnail":"https:\/\/pharca-19a5a.kxcdn.com\/wp-content\/uploads\/2023\/12\/kopfmedia_pharca_2000px-123.webp","_links":{"self":[{"href":"https:\/\/www.pharca.com\/de\/wp-json\/wp\/v2\/pages\/1333","targetHints":{"allow":["GET"]}}],"collection":[{"href":"https:\/\/www.pharca.com\/de\/wp-json\/wp\/v2\/pages"}],"about":[{"href":"https:\/\/www.pharca.com\/de\/wp-json\/wp\/v2\/types\/page"}],"author":[{"embeddable":true,"href":"https:\/\/www.pharca.com\/de\/wp-json\/wp\/v2\/users\/1"}],"replies":[{"embeddable":true,"href":"https:\/\/www.pharca.com\/de\/wp-json\/wp\/v2\/comments?post=1333"}],"version-history":[{"count":7,"href":"https:\/\/www.pharca.com\/de\/wp-json\/wp\/v2\/pages\/1333\/revisions"}],"predecessor-version":[{"id":2624,"href":"https:\/\/www.pharca.com\/de\/wp-json\/wp\/v2\/pages\/1333\/revisions\/2624"}],"wp:featuredmedia":[{"embeddable":true,"href":"https:\/\/www.pharca.com\/de\/wp-json\/wp\/v2\/media\/514"}],"wp:attachment":[{"href":"https:\/\/www.pharca.com\/de\/wp-json\/wp\/v2\/media?parent=1333"}],"wp:term":[{"taxonomy":"category","embeddable":true,"href":"https:\/\/www.pharca.com\/de\/wp-json\/wp\/v2\/categories?post=1333"},{"taxonomy":"post_tag","embeddable":true,"href":"https:\/\/www.pharca.com\/de\/wp-json\/wp\/v2\/tags?post=1333"}],"curies":[{"name":"wp","href":"https:\/\/api.w.org\/{rel}","templated":true}]}}