{"id":1374,"date":"2023-12-01T14:05:06","date_gmt":"2023-12-01T13:05:06","guid":{"rendered":"https:\/\/www.pharca.com\/rechner-permeation\/"},"modified":"2025-05-21T15:36:22","modified_gmt":"2025-05-21T13:36:22","slug":"rechner-permeation","status":"publish","type":"page","link":"https:\/\/www.pharca.com\/de\/rechner-permeation\/","title":{"rendered":"Rechner &#8211; Permeation"},"content":{"rendered":"<p>[et_pb_section fb_built=&#8221;1&#8243; _builder_version=&#8221;4.22.2&#8243; _module_preset=&#8221;default&#8221; global_colors_info=&#8221;{}&#8221;][et_pb_row _builder_version=&#8221;4.22.2&#8243; _module_preset=&#8221;default&#8221; global_colors_info=&#8221;{}&#8221;][et_pb_column type=&#8221;4_4&#8243; _builder_version=&#8221;4.22.2&#8243; _module_preset=&#8221;default&#8221; global_colors_info=&#8221;{}&#8221;][et_pb_text _builder_version=&#8221;4.23.1&#8243; _module_preset=&#8221;default&#8221; header_text_color=&#8221;gcid-78e316dc-3ec4-449b-ab5e-4342817d2b26&#8243; custom_margin=&#8221;100px||||false|false&#8221; global_colors_info=&#8221;{%22gcid-78e316dc-3ec4-449b-ab5e-4342817d2b26%22:%91%22header_text_color%22%93}&#8221;]<\/p>\n<h1> Rechner Permeation<\/h1>\n<p>[\/et_pb_text][\/et_pb_column][\/et_pb_row][\/et_pb_section][et_pb_section fb_built=&#8221;1&#8243; _builder_version=&#8221;4.22.2&#8243; _module_preset=&#8221;default&#8221; global_colors_info=&#8221;{}&#8221;][et_pb_row _builder_version=&#8221;4.22.2&#8243; _module_preset=&#8221;default&#8221; global_colors_info=&#8221;{}&#8221;][et_pb_column type=&#8221;4_4&#8243; _builder_version=&#8221;4.22.2&#8243; _module_preset=&#8221;default&#8221; global_colors_info=&#8221;{}&#8221;][et_pb_text _builder_version=&#8221;4.23.1&#8243; _module_preset=&#8221;default&#8221; header_3_text_color=&#8221;gcid-78e316dc-3ec4-449b-ab5e-4342817d2b26&#8243; global_colors_info=&#8221;{%22gcid-78e316dc-3ec4-449b-ab5e-4342817d2b26%22:%91%22header_3_text_color%22%93}&#8221;]<\/p>\n<h3>Empirische Richtwerte f\u00fcr<\/h3>\n<h3>Permeationsraten von Verpackungen<\/h3>\n<p>[\/et_pb_text][\/et_pb_column][\/et_pb_row][et_pb_row _builder_version=&#8221;4.22.2&#8243; _module_preset=&#8221;default&#8221; global_colors_info=&#8221;{}&#8221;][et_pb_column type=&#8221;4_4&#8243; _builder_version=&#8221;4.22.2&#8243; _module_preset=&#8221;default&#8221; global_colors_info=&#8221;{}&#8221;][et_pb_code _builder_version=&#8221;4.23.1&#8243; _module_preset=&#8221;default&#8221; global_colors_info=&#8221;{}&#8221;]<div id=\"vue-wordpress-app-073b79b3-c029-4bff-84e1-b803c8abaa11\" data-app-url=\"https:\/\/www.pharca.com\" data-fcaptcha-sitekey=\"FCMHA65IB4VEF0DF\" data-component=\"packaging-permeation-calculator\" data-lang=\"de\"><\/div>[\/et_pb_code][\/et_pb_column][\/et_pb_row][\/et_pb_section][et_pb_section fb_built=&#8221;1&#8243; _builder_version=&#8221;4.22.2&#8243; _module_preset=&#8221;default&#8221; global_colors_info=&#8221;{}&#8221;][et_pb_row column_structure=&#8221;1_3,2_3&#8243; _builder_version=&#8221;4.22.2&#8243; _module_preset=&#8221;default&#8221; global_colors_info=&#8221;{}&#8221;][et_pb_column type=&#8221;1_3&#8243; _builder_version=&#8221;4.22.2&#8243; _module_preset=&#8221;default&#8221; global_colors_info=&#8221;{}&#8221;][et_pb_text _builder_version=&#8221;4.22.2&#8243; _module_preset=&#8221;default&#8221; header_3_text_color=&#8221;gcid-78e316dc-3ec4-449b-ab5e-4342817d2b26&#8243; global_colors_info=&#8221;{%22gcid-78e316dc-3ec4-449b-ab5e-4342817d2b26%22:%91%22header_3_text_color%22%93}&#8221;]<\/p>\n<h3>Anleitung<\/h3>\n<p>[\/et_pb_text][\/et_pb_column][et_pb_column type=&#8221;2_3&#8243; _builder_version=&#8221;4.22.2&#8243; _module_preset=&#8221;default&#8221; global_colors_info=&#8221;{}&#8221;][et_pb_text _builder_version=&#8221;4.22.2&#8243; _module_preset=&#8221;default&#8221; global_colors_info=&#8221;{}&#8221;]<\/p>\n<p>Wir m\u00f6chten betonen, dass dieses Tool als grundlegende Richtlinie dient. Obwohl wir diesen Service kostenlos anbieten, k\u00f6nnen wir seine Genauigkeit nicht garantieren. Faktoren wie unterschiedliche Temperaturen oder Luftfeuchtigkeit k\u00f6nnen die Diffusionsraten erheblich ver\u00e4ndern. Dieses Tool soll eine erste, grobe Sch\u00e4tzung bieten. F\u00fcr eine genaue Bestimmung der Permeationseigenschaften empfehlen wir immer eine Bewertung mit einer zertifizierten Methode. Sollten Sie eine Anleitung ben\u00f6tigen, stehen wir Ihnen gerne mit fachkundigem Rat zur Seite.<\/p>\n<p>[\/et_pb_text][\/et_pb_column][\/et_pb_row][\/et_pb_section][et_pb_section fb_built=&#8221;1&#8243; custom_padding_last_edited=&#8221;on|phone&#8221; _builder_version=&#8221;4.24.2&#8243; _module_preset=&#8221;default&#8221; custom_padding_tablet=&#8221;&#8221; custom_padding_phone=&#8221;0px||0px||false|false&#8221; locked=&#8221;off&#8221; global_colors_info=&#8221;{}&#8221;][et_pb_row column_structure=&#8221;1_2,1_2&#8243; use_custom_gutter=&#8221;on&#8221; gutter_width=&#8221;1&#8243; make_equal=&#8221;on&#8221; _builder_version=&#8221;4.22.2&#8243; _module_preset=&#8221;default&#8221; custom_margin=&#8221;50px||50px||true|false&#8221; global_colors_info=&#8221;{}&#8221;][et_pb_column type=&#8221;1_2&#8243; _builder_version=&#8221;4.22.2&#8243; _module_preset=&#8221;default&#8221; custom_padding=&#8221;20px||20px||true|false&#8221; global_colors_info=&#8221;{}&#8221;][et_pb_text _builder_version=&#8221;4.27.4&#8243; _module_preset=&#8221;default&#8221; text_text_color=&#8221;#40c1ac&#8221; header_2_text_color=&#8221;gcid-78e316dc-3ec4-449b-ab5e-4342817d2b26&#8243; width=&#8221;90%&#8221; custom_margin=&#8221;||10px||false|false&#8221; global_colors_info=&#8221;{%22gcid-78e316dc-3ec4-449b-ab5e-4342817d2b26%22:%91%22header_2_text_color%22%93}&#8221;]<\/p>\n<h2 style=\"color: #40c1ac;\">Fachkundige Beratung ma\u00dfgeschneidert auf Ihre Verpackungsbed\u00fcrfnisse.<\/h2>\n<p>[\/et_pb_text][et_pb_text _builder_version=&#8221;4.23.1&#8243; _module_preset=&#8221;default&#8221; min_height=&#8221;13.8px&#8221; global_colors_info=&#8221;{}&#8221;]<\/p>\n<p style=\"text-align: left;\"><a href=\"https:\/\/www.pharca.com\/de\/kontakt\/\" class=\"btn-link \">Kontakt aufnehmen<\/a><\/p>\n<p>[\/et_pb_text][\/et_pb_column][et_pb_column type=&#8221;1_2&#8243; _builder_version=&#8221;4.22.2&#8243; _module_preset=&#8221;default&#8221; custom_padding=&#8221;20px||20px||true|false&#8221; global_colors_info=&#8221;{}&#8221;][et_pb_code _builder_version=&#8221;4.27.4&#8243; _module_preset=&#8221;default&#8221; hover_enabled=&#8221;0&#8243; locked=&#8221;off&#8221; global_colors_info=&#8221;{}&#8221; dvmd_acat_aria_label=&#8221;Christian Heizmann, CEO &#038; Founder, und Maximilian Br\u00fcckmann, Senior Consultant bei pharca&#8221; sticky_enabled=&#8221;0&#8243;]<div id=\"vue-wordpress-app-f0088beb-ff34-4753-8649-dee995abe9cb\" data-app-url=\"https:\/\/www.pharca.com\" data-fcaptcha-sitekey=\"FCMHA65IB4VEF0DF\" data-component=\"contact-section\" data-lang=\"de\"><\/div>[\/et_pb_code][\/et_pb_column][\/et_pb_row][\/et_pb_section][et_pb_section fb_built=&#8221;1&#8243; _builder_version=&#8221;4.22.2&#8243; _module_preset=&#8221;default&#8221; global_colors_info=&#8221;{}&#8221;][et_pb_row column_structure=&#8221;2_5,3_5&#8243; _builder_version=&#8221;4.22.2&#8243; _module_preset=&#8221;default&#8221; global_colors_info=&#8221;{}&#8221;][et_pb_column type=&#8221;2_5&#8243; _builder_version=&#8221;4.22.2&#8243; _module_preset=&#8221;default&#8221; global_colors_info=&#8221;{}&#8221;][et_pb_text _builder_version=&#8221;4.23.1&#8243; _module_preset=&#8221;default&#8221; global_colors_info=&#8221;{}&#8221;]<\/p>\n<h3>Analysieren Sie die Permeabilit\u00e4t Ihrer Folien mit dem Permeationsrechner<\/h3>\n<p>[\/et_pb_text][\/et_pb_column][et_pb_column type=&#8221;3_5&#8243; _builder_version=&#8221;4.22.2&#8243; _module_preset=&#8221;default&#8221; global_colors_info=&#8221;{}&#8221;][et_pb_text _builder_version=&#8221;4.23.1&#8243; _module_preset=&#8221;default&#8221; global_colors_info=&#8221;{}&#8221;]<\/p>\n<p>Die Permeabilit\u00e4t ist ein wichtiger Faktor f\u00fcr die Qualit\u00e4t und Haltbarkeit von verpackten Produkten, insbesondere im Bereich der Medizintechnik. Die Permeabilit\u00e4t beschreibt, wie viel Gas oder Dampf durch eine Folie dringen kann. Dies kann die Eigenschaften und Funktionen der verpackten Produkte beeinflussen oder sogar sch\u00e4digen. Um die Permeabilit\u00e4t Ihrer Folien zu bestimmen, m\u00fcssen Sie nicht unbedingt teure und zeitaufw\u00e4ndige Tests durchf\u00fchren. Stattdessen k\u00f6nnen Sie unseren Permeationsrechner f\u00fcr Folien verwenden, der Ihnen einen schnellen und einfachen \u00dcberblick \u00fcber die Permeationsraten Ihrer Folien gibt. In diesem Artikel erkl\u00e4ren wir Ihnen, wie Sie den Permeationsrechner f\u00fcr Folien nutzen k\u00f6nnen und welche Vorteile er Ihnen bietet.<\/p>\n<p>[\/et_pb_text][\/et_pb_column][\/et_pb_row][\/et_pb_section][et_pb_section fb_built=&#8221;1&#8243; _builder_version=&#8221;4.22.2&#8243; _module_preset=&#8221;default&#8221; locked=&#8221;off&#8221; global_colors_info=&#8221;{}&#8221;][et_pb_row _builder_version=&#8221;4.22.2&#8243; _module_preset=&#8221;default&#8221; global_colors_info=&#8221;{}&#8221;][et_pb_column type=&#8221;4_4&#8243; _builder_version=&#8221;4.22.2&#8243; _module_preset=&#8221;default&#8221; global_colors_info=&#8221;{}&#8221;][et_pb_text _builder_version=&#8221;4.23.1&#8243; _module_preset=&#8221;default&#8221; global_colors_info=&#8221;{}&#8221;]<\/p>\n<div style=\"display: flex; justify-content: space-between; flex-wrap: wrap; align-items: center;\">\n<h3>Meist gestellte Fragen<\/h3>\n<p style=\"text-align: left;\"><a href=\"https:\/\/www.pharca.com\/de\/faq-uebersicht\/\" class=\"btn-link\">all FAQ<\/a><\/p>\n<\/div>\n<p>[\/et_pb_text][et_pb_code admin_label=&#8221;Code&#8221; _builder_version=&#8221;4.23.1&#8243; _module_preset=&#8221;default&#8221; global_colors_info=&#8221;{}&#8221;]<div id=\"vue-wordpress-app-78d765b2-1e3c-479c-a0d6-858a5f9db758\" data-app-url=\"https:\/\/www.pharca.com\" data-fcaptcha-sitekey=\"FCMHA65IB4VEF0DF\" data-lang=\"de\" data-component=\"&#8221;faq-row&#8221;\" data-0=\"\" data-1=\"&#091;et_pb_line_break_holder&#093;\" data-2=\"\" data-3=\"&#091;et_pb_line_break_holder&#093;\" data-4=\"--&gt;}&#8217;\"><\/div>[\/et_pb_code][\/et_pb_column][\/et_pb_row][\/et_pb_section][et_pb_section fb_built=&#8221;1&#8243; _builder_version=&#8221;4.23.1&#8243; _module_preset=&#8221;default&#8221; global_colors_info=&#8221;{}&#8221;][et_pb_row _builder_version=&#8221;4.23.1&#8243; _module_preset=&#8221;default&#8221; width=&#8221;100%&#8221; global_colors_info=&#8221;{}&#8221;][et_pb_column type=&#8221;4_4&#8243; _builder_version=&#8221;4.23.1&#8243; _module_preset=&#8221;default&#8221; global_colors_info=&#8221;{}&#8221;][et_pb_code _builder_version=&#8221;4.23.1&#8243; _module_preset=&#8221;default&#8221; global_colors_info=&#8221;{}&#8221;]<div id=\"vue-wordpress-app-fc209db7-5ae6-473f-8fbe-d36624dfae5c\" data-app-url=\"https:\/\/www.pharca.com\" data-fcaptcha-sitekey=\"FCMHA65IB4VEF0DF\" data-0=\"\" data-1=\"&#091;et_pb_line_break_holder&#093;\" data-2=\"\" data-3=\"&#091;et_pb_line_break_holder&#093;\" data-4=\"\" data-5=\"&#091;et_pb_line_break_holder&#093;\" data-6=\"\" data-7=\"&#091;et_pb_line_break_holder&#093;\" data-8=\"--&gt;\" data-9=\"&#8220;postType&#8221;:\" data-10=\"\" data-11=\"&#091;et_pb_line_break_holder&#093;\" data-12=\"--&gt;\" data-13=\"&#8220;postTag&#8221;:\" data-14=\"\" data-15=\"&#091;et_pb_line_break_holder&#093;\" data-16=\"--&gt;\" data-17=\"&#8220;coverSlide&#8221;:\" data-18=\"\" data-19=\"&#091;et_pb_line_break_holder&#093;\" data-20=\"--&gt;\" data-21=\"&#8220;title&#8221;:\" data-22=\"&#8220;Healthcare\" data-23=\"&#038;\" data-24=\"lifescience\" data-25=\"\" data-26=\"&#091;et_pb_line_break_holder&#093;\" data-27=\"--&gt;\" data-28=\"&#8220;linkLabel&#8221;:\" data-29=\"&#8220;all\" data-30=\"\" data-31=\"&#091;et_pb_line_break_holder&#093;\" data-32=\"--&gt;\" data-33=\"&#8220;slug&#8221;:\" data-34=\"\" data-35=\"&#091;et_pb_line_break_holder&#093;\" data-36=\"--&gt;\" data-37=\"\" data-38=\"&#091;et_pb_line_break_holder&#093;\" data-39=\"--&gt;\" data-40=\"&#8220;optionsOverwrite&#8221;:\" data-41=\"\" data-42=\"&#091;et_pb_line_break_holder&#093;\" data-43=\"--&gt;\" data-44=\"&#8220;type&#8221;:\" data-45=\"\" data-46=\"&#091;et_pb_line_break_holder&#093;\" data-47=\"--&gt;\" data-48=\"&#8220;focusAt&#8221;:\" data-49=\"\" data-50=\"&#091;et_pb_line_break_holder&#093;\" data-51=\"--&gt;\" data-52=\"&#8220;breakpoints&#8221;:\" data-53=\"\" data-54=\"&#091;et_pb_line_break_holder&#093;\" data-55=\"--&gt;\" data-56=\"&#8220;1400&#8221;:\" data-57=\"{\" data-58=\"&#8220;perView&#8221;:\" data-59=\"3\" data-60=\"\" data-61=\"&#091;et_pb_line_break_holder&#093;\" data-62=\"--&gt;\" data-63=\"&#8220;1000&#8221;:\" data-64=\"{\" data-65=\"&#8220;perView&#8221;:\" data-66=\"1,\" data-67=\"&#8220;peek&#8221;:\" data-68=\"0\" data-69=\"\" data-70=\"&#091;et_pb_line_break_holder&#093;\" data-71=\"--&gt;\" data-72=\"\" data-73=\"&#091;et_pb_line_break_holder&#093;\" data-74=\"--&gt;\" data-75=\"\" data-76=\"&#091;et_pb_line_break_holder&#093;\" data-77=\"--&gt;}&#8217;\"><\/div>[\/et_pb_code][\/et_pb_column][\/et_pb_row][\/et_pb_section]<\/p>\n","protected":false},"excerpt":{"rendered":"<p>Rechner PermeationEmpirische Richtwerte f\u00fcr Permeationsraten von Verpackungen<div id=\"vue-wordpress-app-47813f30-b744-4996-8366-40a4fc1d2c79\" data-app-url=\"https:\/\/www.pharca.com\" data-fcaptcha-sitekey=\"FCMHA65IB4VEF0DF\" data-component=\"packaging-permeation-calculator\" data-lang=\"de\"><\/div>AnleitungWir m\u00f6chten betonen, dass dieses Tool als grundlegende Richtlinie dient. Obwohl wir diesen Service kostenlos anbieten, k\u00f6nnen wir seine Genauigkeit nicht garantieren. Faktoren wie unterschiedliche Temperaturen oder Luftfeuchtigkeit k\u00f6nnen die Diffusionsraten erheblich ver\u00e4ndern. Dieses Tool soll eine erste, grobe Sch\u00e4tzung bieten. F\u00fcr eine genaue Bestimmung der Permeationseigenschaften [&hellip;]<\/p>\n","protected":false},"author":1,"featured_media":588,"parent":0,"menu_order":0,"comment_status":"closed","ping_status":"closed","template":"","meta":{"_acf_changed":false,"_et_pb_use_builder":"on","_et_pb_old_content":"","_et_gb_content_width":"","inline_featured_image":false,"footnotes":""},"categories":[],"tags":[33],"class_list":["post-1374","page","type-page","status-publish","has-post-thumbnail","hentry","tag-tool-de"],"acf":[],"tag_names":["Anwendungen"],"category_names":[],"thumbnail":"https:\/\/pharca-19a5a.kxcdn.com\/wp-content\/uploads\/2023\/12\/kopfmedia_pharca_accelerated-aging-calculator-header.webp","_links":{"self":[{"href":"https:\/\/www.pharca.com\/de\/wp-json\/wp\/v2\/pages\/1374","targetHints":{"allow":["GET"]}}],"collection":[{"href":"https:\/\/www.pharca.com\/de\/wp-json\/wp\/v2\/pages"}],"about":[{"href":"https:\/\/www.pharca.com\/de\/wp-json\/wp\/v2\/types\/page"}],"author":[{"embeddable":true,"href":"https:\/\/www.pharca.com\/de\/wp-json\/wp\/v2\/users\/1"}],"replies":[{"embeddable":true,"href":"https:\/\/www.pharca.com\/de\/wp-json\/wp\/v2\/comments?post=1374"}],"version-history":[{"count":10,"href":"https:\/\/www.pharca.com\/de\/wp-json\/wp\/v2\/pages\/1374\/revisions"}],"predecessor-version":[{"id":2455,"href":"https:\/\/www.pharca.com\/de\/wp-json\/wp\/v2\/pages\/1374\/revisions\/2455"}],"wp:featuredmedia":[{"embeddable":true,"href":"https:\/\/www.pharca.com\/de\/wp-json\/wp\/v2\/media\/588"}],"wp:attachment":[{"href":"https:\/\/www.pharca.com\/de\/wp-json\/wp\/v2\/media?parent=1374"}],"wp:term":[{"taxonomy":"category","embeddable":true,"href":"https:\/\/www.pharca.com\/de\/wp-json\/wp\/v2\/categories?post=1374"},{"taxonomy":"post_tag","embeddable":true,"href":"https:\/\/www.pharca.com\/de\/wp-json\/wp\/v2\/tags?post=1374"}],"curies":[{"name":"wp","href":"https:\/\/api.w.org\/{rel}","templated":true}]}}